{"id":7797,"date":"2025-01-16T21:05:47","date_gmt":"2025-01-16T20:05:47","guid":{"rendered":"http:\/\/hesychia.eu\/?page_id=7797"},"modified":"2025-01-17T12:11:49","modified_gmt":"2025-01-17T11:11:49","slug":"douanes_celestes","status":"publish","type":"page","link":"https:\/\/hesychia.eu\/index.php\/douanes_celestes\/","title":{"rendered":"De la vie \u00e9ph\u00e9m\u00e8re \u00e0 la vie \u00e9ternelle ou le passage de l\u2019\u00e2me par les douanes c\u00e9lestes"},"content":{"rendered":"<p>&nbsp;<\/p>\n<div class=\"vlp-link-container vlp-layout-basic\"><a href=\"https:\/\/hesychia.eu\/index.php\/2025\/01\/16\/douane_celeste_1\/\" class=\"vlp-link\" title=\"De la vie \u00e9ph\u00e9m\u00e8re \u00e0 la vie \u00e9ternelle - Introduction par l\u2019archimandrite Placide Deseille\"><\/a><div class=\"vlp-layout-zone-side\"><div class=\"vlp-block-2 vlp-link-image\"><img loading=\"lazy\" decoding=\"async\" style=\"max-width: 150px;\" width=\"150\" height=\"175\" src=\"https:\/\/hesychia.eu\/wp-content\/uploads\/2025\/01\/650px.-muitarstvoscala.jpg\" class=\"attachment-150x999 size-150x999\" alt=\"\" srcset=\"https:\/\/hesychia.eu\/wp-content\/uploads\/2025\/01\/650px.-muitarstvoscala.jpg 650w, https:\/\/hesychia.eu\/wp-content\/uploads\/2025\/01\/650px.-muitarstvoscala-257x300.jpg 257w\" sizes=\"auto, (max-width: 150px) 100vw, 150px\" \/><\/div><\/div><div class=\"vlp-layout-zone-main\"><div class=\"vlp-block-0 vlp-link-title\">De la vie \u00e9ph\u00e9m\u00e8re \u00e0 la vie \u00e9ternelle - Introduction par l\u2019archimandrite Placide Deseille<\/div><div class=\"vlp-block-1 vlp-link-summary\">Le Chr\u00e9tien est un homme qui attend. Le Seigneur nous dit dans l\u2019\u00c9vangile\u00a0: \u00ab\u2009Que vos reins soient ceints et vos lampes allum\u00e9es\u2009; soyez semblables \u00e0 des gens qui attendent leur ma\u00eetre \u00e0 son retour des noces pour lui ouvrir d\u00e8s qu\u2019il viendra et frappera\u2009\u00bb (Lc\u00a012 35-36). <\/div><\/div><\/div>\n<div class=\"vlp-link-container vlp-layout-basic\"><a href=\"https:\/\/hesychia.eu\/index.php\/2025\/01\/17\/douanes_celestes_02\/\" class=\"vlp-link\" title=\"De la vie \u00e9ph\u00e9m\u00e8re \u00e0 la vie \u00e9ternelle - II - R\u00e9cit de la vision que j\u2019eus, moi, l\u2019humble Gr\u00e9goire, disciple de saint Basile le Jeune\"><\/a><div class=\"vlp-layout-zone-side\"><div class=\"vlp-block-2 vlp-link-image\"><img loading=\"lazy\" decoding=\"async\" style=\"max-width: 150px;\" width=\"150\" height=\"99\" src=\"https:\/\/hesychia.eu\/wp-content\/uploads\/2025\/01\/650px.-Rila-overview.jpg\" class=\"attachment-150x999 size-150x999\" alt=\"\" srcset=\"https:\/\/hesychia.eu\/wp-content\/uploads\/2025\/01\/650px.-Rila-overview.jpg 650w, https:\/\/hesychia.eu\/wp-content\/uploads\/2025\/01\/650px.-Rila-overview-300x199.jpg 300w, https:\/\/hesychia.eu\/wp-content\/uploads\/2025\/01\/650px.-Rila-overview-440x294.jpg 440w\" sizes=\"auto, (max-width: 150px) 100vw, 150px\" \/><\/div><\/div><div class=\"vlp-layout-zone-main\"><div class=\"vlp-block-0 vlp-link-title\">De la vie \u00e9ph\u00e9m\u00e8re \u00e0 la vie \u00e9ternelle - II - R\u00e9cit de la vision que j\u2019eus, moi, l\u2019humble Gr\u00e9goire, disciple de saint Basile le Jeune<\/div><\/div><\/div>\n<div class=\"vlp-link-container vlp-layout-basic\"><a href=\"https:\/\/hesychia.eu\/index.php\/2025\/01\/17\/douanes_celestes_03\/\" class=\"vlp-link\" title=\"De la vie \u00e9ph\u00e9m\u00e8re \u00e0 la vie \u00e9ternelle - III - R\u00e9v\u00e9lation faite par l\u2019Ange \u00e0 Abba Macaire au sujet des pannychide\"><\/a><div class=\"vlp-layout-zone-side\"><div class=\"vlp-block-2 vlp-link-image\"><img loading=\"lazy\" decoding=\"async\" style=\"max-width: 150px;\" width=\"150\" height=\"100\" src=\"https:\/\/hesychia.eu\/wp-content\/uploads\/2025\/01\/650px.-FOTO-41jpg_sm.jpg\" class=\"attachment-150x999 size-150x999\" alt=\"\" srcset=\"https:\/\/hesychia.eu\/wp-content\/uploads\/2025\/01\/650px.-FOTO-41jpg_sm.jpg 650w, https:\/\/hesychia.eu\/wp-content\/uploads\/2025\/01\/650px.-FOTO-41jpg_sm-300x200.jpg 300w, https:\/\/hesychia.eu\/wp-content\/uploads\/2025\/01\/650px.-FOTO-41jpg_sm-440x294.jpg 440w\" sizes=\"auto, (max-width: 150px) 100vw, 150px\" \/><\/div><\/div><div class=\"vlp-layout-zone-main\"><div class=\"vlp-block-0 vlp-link-title\">De la vie \u00e9ph\u00e9m\u00e8re \u00e0 la vie \u00e9ternelle - III - R\u00e9v\u00e9lation faite par l\u2019Ange \u00e0 Abba Macaire au sujet des pannychide<\/div><div class=\"vlp-block-1 vlp-link-summary\">Alors qu\u2019Abba Macaire marchait dans le d\u00e9sert, un Ange du Seigneur suivit le Vieillard et lui dit\u00a0: \u00ab\u2009B\u00e9nis-moi, P\u00e8re saint\u2009!\u2009\u00bb. <\/div><\/div><\/div>\n<p>&nbsp;<\/p>\n<hr \/>\n<p>&nbsp;<\/p>\n<div class=\"vlp-link-container vlp-layout-basic\"><a href=\"https:\/\/hesychia.eu\/index.php\/ame\/\" class=\"vlp-link\" title=\"L\u2019\u00e2me apr\u00e8s la mort par hi\u00e9romoine Seraphim Rose\"><\/a><div class=\"vlp-layout-zone-side\"><div class=\"vlp-block-2 vlp-link-image\"><img loading=\"lazy\" decoding=\"async\" style=\"max-width: 150px;\" width=\"150\" height=\"237\" src=\"https:\/\/hesychia.eu\/wp-content\/uploads\/2020\/09\/Front-Cover.jpg\" class=\"attachment-150x999 size-150x999\" alt=\"\" srcset=\"https:\/\/hesychia.eu\/wp-content\/uploads\/2020\/09\/Front-Cover.jpg 475w, https:\/\/hesychia.eu\/wp-content\/uploads\/2020\/09\/Front-Cover-190x300.jpg 190w\" sizes=\"auto, (max-width: 150px) 100vw, 150px\" \/><\/div><\/div><div class=\"vlp-layout-zone-main\"><div class=\"vlp-block-0 vlp-link-title\">L\u2019\u00e2me apr\u00e8s la mort par hi\u00e9romoine Seraphim Rose<\/div><div class=\"vlp-block-1 vlp-link-summary\">&nbsp; &nbsp; &nbsp;<\/div><\/div><\/div>\n<p>&nbsp;<\/p>\n","protected":false},"excerpt":{"rendered":"<p>&nbsp; &nbsp; &nbsp; &nbsp;<\/p>\n","protected":false},"author":1,"featured_media":7787,"parent":0,"menu_order":0,"comment_status":"open","ping_status":"closed","template":"","meta":{"footnotes":""},"class_list":["post-7797","page","type-page","status-publish","has-post-thumbnail","hentry"],"_links":{"self":[{"href":"https:\/\/hesychia.eu\/index.php\/wp-json\/wp\/v2\/pages\/7797","targetHints":{"allow":["GET"]}}],"collection":[{"href":"https:\/\/hesychia.eu\/index.php\/wp-json\/wp\/v2\/pages"}],"about":[{"href":"https:\/\/hesychia.eu\/index.php\/wp-json\/wp\/v2\/types\/page"}],"author":[{"embeddable":true,"href":"https:\/\/hesychia.eu\/index.php\/wp-json\/wp\/v2\/users\/1"}],"replies":[{"embeddable":true,"href":"https:\/\/hesychia.eu\/index.php\/wp-json\/wp\/v2\/comments?post=7797"}],"version-history":[{"count":5,"href":"https:\/\/hesychia.eu\/index.php\/wp-json\/wp\/v2\/pages\/7797\/revisions"}],"predecessor-version":[{"id":7848,"href":"https:\/\/hesychia.eu\/index.php\/wp-json\/wp\/v2\/pages\/7797\/revisions\/7848"}],"wp:featuredmedia":[{"embeddable":true,"href":"https:\/\/hesychia.eu\/index.php\/wp-json\/wp\/v2\/media\/7787"}],"wp:attachment":[{"href":"https:\/\/hesychia.eu\/index.php\/wp-json\/wp\/v2\/media?parent=7797"}],"curies":[{"name":"wp","href":"https:\/\/api.w.org\/{rel}","templated":true}]}}