{"id":7301,"date":"2024-09-18T18:16:30","date_gmt":"2024-09-18T16:16:30","guid":{"rendered":"http:\/\/hesychia.eu\/?page_id=7301"},"modified":"2025-03-20T11:09:07","modified_gmt":"2025-03-20T10:09:07","slug":"publications","status":"publish","type":"page","link":"https:\/\/hesychia.eu\/index.php\/publications\/","title":{"rendered":"Publications"},"content":{"rendered":"<p>&nbsp;<\/p>\n<div class=\"vlp-link-container vlp-layout-basic\"><a href=\"https:\/\/hesychia.eu\/index.php\/periodique\/\" class=\"vlp-link\" title=\"H\u00e9sychia \u2013 p\u00e9riodique de spiritualit\u00e9 orthodoxe\"><\/a><div class=\"vlp-layout-zone-side\"><div class=\"vlp-block-2 vlp-link-image\"><img loading=\"lazy\" decoding=\"async\" style=\"max-width: 150px;\" width=\"150\" height=\"88\" src=\"https:\/\/hesychia.eu\/wp-content\/uploads\/2020\/01\/couverture.web_.940.beta_.jpg\" class=\"attachment-150x999 size-150x999\" alt=\"\" srcset=\"https:\/\/hesychia.eu\/wp-content\/uploads\/2020\/01\/couverture.web_.940.beta_.jpg 940w, https:\/\/hesychia.eu\/wp-content\/uploads\/2020\/01\/couverture.web_.940.beta_-300x176.jpg 300w, https:\/\/hesychia.eu\/wp-content\/uploads\/2020\/01\/couverture.web_.940.beta_-768x452.jpg 768w\" sizes=\"auto, (max-width: 150px) 100vw, 150px\" \/><\/div><\/div><div class=\"vlp-layout-zone-main\"><div class=\"vlp-block-0 vlp-link-title\">H\u00e9sychia \u2013 p\u00e9riodique de spiritualit\u00e9 orthodoxe<\/div><div class=\"vlp-block-1 vlp-link-summary\">Soyez donc parfaits, comme votre P\u00e8re c\u00e9leste est parfait. Matthieu 5,48<\/div><\/div><\/div>\n<p>&nbsp;<\/p>\n<div class=\"vlp-link-container vlp-layout-basic\"><a href=\"https:\/\/hesychia.eu\/index.php\/metanoia\/\" class=\"vlp-link\" title=\"M\u00e9tano\u00efa - Paroles des P\u00e8res pour notre temps\"><\/a><div class=\"vlp-layout-zone-side\"><div class=\"vlp-block-2 vlp-link-image\"><img loading=\"lazy\" decoding=\"async\" style=\"max-width: 150px;\" width=\"150\" height=\"101\" src=\"https:\/\/hesychia.eu\/wp-content\/uploads\/2020\/04\/couverture.940px.jpg\" class=\"attachment-150x999 size-150x999\" alt=\"\" srcset=\"https:\/\/hesychia.eu\/wp-content\/uploads\/2020\/04\/couverture.940px.jpg 940w, https:\/\/hesychia.eu\/wp-content\/uploads\/2020\/04\/couverture.940px-300x203.jpg 300w, https:\/\/hesychia.eu\/wp-content\/uploads\/2020\/04\/couverture.940px-768x520.jpg 768w, https:\/\/hesychia.eu\/wp-content\/uploads\/2020\/04\/couverture.940px-650x440.jpg 650w, https:\/\/hesychia.eu\/wp-content\/uploads\/2020\/04\/couverture.940px-440x294.jpg 440w\" sizes=\"auto, (max-width: 150px) 100vw, 150px\" \/><\/div><\/div><div class=\"vlp-layout-zone-main\"><div class=\"vlp-block-0 vlp-link-title\">M\u00e9tano\u00efa - Paroles des P\u00e8res pour notre temps<\/div><div class=\"vlp-block-1 vlp-link-summary\">Dans le monde, vous aurez des afflictions, mais ayez confiance, J&#8217;ai vaincu le monde Jean 16,33<\/div><\/div><\/div>\n<p>&nbsp;<\/p>\n<div class=\"vlp-link-container vlp-layout-basic\"><a href=\"https:\/\/hesychia.eu\/index.php\/pridvor-periodic-ortodox\/\" class=\"vlp-link\" title=\"Pridvor - periodic ortodox\"><\/a><div class=\"vlp-layout-zone-side\"><div class=\"vlp-block-2 vlp-link-image\"><img loading=\"lazy\" decoding=\"async\" style=\"max-width: 150px;\" width=\"150\" height=\"51\" src=\"https:\/\/hesychia.eu\/wp-content\/uploads\/2024\/07\/Logo-coperta.02.jpg\" class=\"attachment-150x999 size-150x999\" alt=\"\" srcset=\"https:\/\/hesychia.eu\/wp-content\/uploads\/2024\/07\/Logo-coperta.02.jpg 920w, https:\/\/hesychia.eu\/wp-content\/uploads\/2024\/07\/Logo-coperta.02-300x101.jpg 300w, https:\/\/hesychia.eu\/wp-content\/uploads\/2024\/07\/Logo-coperta.02-768x260.jpg 768w\" sizes=\"auto, (max-width: 150px) 100vw, 150px\" \/><\/div><\/div><div class=\"vlp-layout-zone-main\"><div class=\"vlp-block-0 vlp-link-title\">Pridvor - periodic ortodox<\/div><div class=\"vlp-block-1 vlp-link-summary\">&nbsp; &nbsp; &nbsp; &nbsp;<\/div><\/div><\/div>\n<p>&nbsp;<br \/>\n<div class=\"vlp-link-container vlp-layout-basic\"><a href=\"https:\/\/hesychia.eu\/index.php\/the-orthodox-pilgrim\/\" class=\"vlp-link\" title=\"The Orthodox Pilgrim\"><\/a><div class=\"vlp-layout-zone-side\"><div class=\"vlp-block-2 vlp-link-image\"><img loading=\"lazy\" decoding=\"async\" style=\"max-width: 150px;\" width=\"150\" height=\"73\" src=\"https:\/\/hesychia.eu\/wp-content\/uploads\/2025\/03\/logo.650px.jpg\" class=\"attachment-150x999 size-150x999\" alt=\"\" srcset=\"https:\/\/hesychia.eu\/wp-content\/uploads\/2025\/03\/logo.650px.jpg 650w, https:\/\/hesychia.eu\/wp-content\/uploads\/2025\/03\/logo.650px-300x147.jpg 300w\" sizes=\"auto, (max-width: 150px) 100vw, 150px\" \/><\/div><\/div><div class=\"vlp-layout-zone-main\"><div class=\"vlp-block-0 vlp-link-title\">The Orthodox Pilgrim<\/div><div class=\"vlp-block-1 vlp-link-summary\">&nbsp; &nbsp; &nbsp; &nbsp;<\/div><\/div><\/div>\n<p>&nbsp;<br \/>\n&nbsp;<\/p>\n<hr \/>\n<p>&nbsp;<\/p>\n<div class=\"vlp-link-container vlp-layout-basic\"><a href=\"https:\/\/hesychia.eu\/index.php\/bibliotheque-orthodoxe-numerique\/\" class=\"vlp-link\" title=\"Biblioth\u00e9que orthodoxe num\u00e9rique\"><\/a><div class=\"vlp-layout-zone-side\"><div class=\"vlp-block-2 vlp-link-image\"><img loading=\"lazy\" decoding=\"async\" style=\"max-width: 150px;\" width=\"150\" height=\"150\" src=\"https:\/\/hesychia.eu\/wp-content\/uploads\/2023\/06\/650px.-01.jpg\" class=\"attachment-150x999 size-150x999\" alt=\"\" srcset=\"https:\/\/hesychia.eu\/wp-content\/uploads\/2023\/06\/650px.-01.jpg 650w, https:\/\/hesychia.eu\/wp-content\/uploads\/2023\/06\/650px.-01-300x300.jpg 300w, https:\/\/hesychia.eu\/wp-content\/uploads\/2023\/06\/650px.-01-150x150.jpg 150w\" sizes=\"auto, (max-width: 150px) 100vw, 150px\" \/><\/div><\/div><div class=\"vlp-layout-zone-main\"><div class=\"vlp-block-0 vlp-link-title\">Biblioth\u00e9que orthodoxe num\u00e9rique<\/div><div class=\"vlp-block-1 vlp-link-summary\">&nbsp; &nbsp; &nbsp; &nbsp;<\/div><\/div><\/div>\n&nbsp;<br \/>\n&nbsp;<\/p>\n","protected":false},"excerpt":{"rendered":"<p>&nbsp; &nbsp; &nbsp; &nbsp; &nbsp; &nbsp; &nbsp; &nbsp; &nbsp;<\/p>\n","protected":false},"author":1,"featured_media":4741,"parent":0,"menu_order":0,"comment_status":"closed","ping_status":"closed","template":"","meta":{"footnotes":""},"class_list":["post-7301","page","type-page","status-publish","has-post-thumbnail","hentry"],"_links":{"self":[{"href":"https:\/\/hesychia.eu\/index.php\/wp-json\/wp\/v2\/pages\/7301","targetHints":{"allow":["GET"]}}],"collection":[{"href":"https:\/\/hesychia.eu\/index.php\/wp-json\/wp\/v2\/pages"}],"about":[{"href":"https:\/\/hesychia.eu\/index.php\/wp-json\/wp\/v2\/types\/page"}],"author":[{"embeddable":true,"href":"https:\/\/hesychia.eu\/index.php\/wp-json\/wp\/v2\/users\/1"}],"replies":[{"embeddable":true,"href":"https:\/\/hesychia.eu\/index.php\/wp-json\/wp\/v2\/comments?post=7301"}],"version-history":[{"count":10,"href":"https:\/\/hesychia.eu\/index.php\/wp-json\/wp\/v2\/pages\/7301\/revisions"}],"predecessor-version":[{"id":7314,"href":"https:\/\/hesychia.eu\/index.php\/wp-json\/wp\/v2\/pages\/7301\/revisions\/7314"}],"wp:featuredmedia":[{"embeddable":true,"href":"https:\/\/hesychia.eu\/index.php\/wp-json\/wp\/v2\/media\/4741"}],"wp:attachment":[{"href":"https:\/\/hesychia.eu\/index.php\/wp-json\/wp\/v2\/media?parent=7301"}],"curies":[{"name":"wp","href":"https:\/\/api.w.org\/{rel}","templated":true}]}}