{"id":7059,"date":"2024-07-03T16:33:33","date_gmt":"2024-07-03T14:33:33","guid":{"rendered":"http:\/\/hesychia.eu\/?page_id=7059"},"modified":"2025-10-25T16:13:43","modified_gmt":"2025-10-25T14:13:43","slug":"pridvor-periodic-ortodox","status":"publish","type":"page","link":"https:\/\/hesychia.eu\/index.php\/pridvor-periodic-ortodox\/","title":{"rendered":"Pridvor &#8211; periodic ortodox"},"content":{"rendered":"<p>&nbsp;<br \/>\n&nbsp;<br \/>\n<div class=\"vlp-link-container vlp-layout-basic\"><a href=\"https:\/\/hesychia.eu\/index.php\/pridvor_01\/\" class=\"vlp-link\" title=\"Pridvor - periodic ortodox. No. 1\"><\/a><div class=\"vlp-layout-zone-side\"><div class=\"vlp-block-2 vlp-link-image\"><img loading=\"lazy\" decoding=\"async\" style=\"max-width: 150px;\" width=\"150\" height=\"105\" src=\"https:\/\/hesychia.eu\/wp-content\/uploads\/2024\/07\/05_tablet-potrait.920px.parquet.jpg\" class=\"attachment-150x999 size-150x999\" alt=\"\" srcset=\"https:\/\/hesychia.eu\/wp-content\/uploads\/2024\/07\/05_tablet-potrait.920px.parquet.jpg 920w, https:\/\/hesychia.eu\/wp-content\/uploads\/2024\/07\/05_tablet-potrait.920px.parquet-300x210.jpg 300w, https:\/\/hesychia.eu\/wp-content\/uploads\/2024\/07\/05_tablet-potrait.920px.parquet-768x538.jpg 768w\" sizes=\"auto, (max-width: 150px) 100vw, 150px\" \/><\/div><\/div><div class=\"vlp-layout-zone-main\"><div class=\"vlp-block-0 vlp-link-title\">Pridvor - periodic ortodox. No. 1<\/div><div class=\"vlp-block-1 vlp-link-summary\">&nbsp; &nbsp;<\/div><\/div><\/div>\n<div class=\"vlp-link-container vlp-layout-basic\"><a href=\"https:\/\/hesychia.eu\/index.php\/pridvor_2\/\" class=\"vlp-link\" title=\"Pridvor - periodic ortodox. No. 2\"><\/a><div class=\"vlp-layout-zone-side\"><div class=\"vlp-block-2 vlp-link-image\"><img loading=\"lazy\" decoding=\"async\" style=\"max-width: 150px;\" width=\"150\" height=\"105\" src=\"https:\/\/hesychia.eu\/wp-content\/uploads\/2025\/10\/07_tablet-perspective.650px.jpg\" class=\"attachment-150x999 size-150x999\" alt=\"\" srcset=\"https:\/\/hesychia.eu\/wp-content\/uploads\/2025\/10\/07_tablet-perspective.650px.jpg 650w, https:\/\/hesychia.eu\/wp-content\/uploads\/2025\/10\/07_tablet-perspective.650px-300x210.jpg 300w\" sizes=\"auto, (max-width: 150px) 100vw, 150px\" \/><\/div><\/div><div class=\"vlp-layout-zone-main\"><div class=\"vlp-block-0 vlp-link-title\">Pridvor - periodic ortodox. No. 2<\/div><\/div><\/div>\n<p>&nbsp;<\/p>\n<hr \/>\n<p>&nbsp;<\/p>\n<h3 style=\"text-align: center;\">\u00censcrie\u021bi-v\u0103 pentru a fi informat cu privire la noile articole publicate<\/h3>\n<script>(function() {\n\twindow.mc4wp = window.mc4wp || {\n\t\tlisteners: [],\n\t\tforms: {\n\t\t\ton: function(evt, cb) {\n\t\t\t\twindow.mc4wp.listeners.push(\n\t\t\t\t\t{\n\t\t\t\t\t\tevent   : evt,\n\t\t\t\t\t\tcallback: cb\n\t\t\t\t\t}\n\t\t\t\t);\n\t\t\t}\n\t\t}\n\t}\n})();\n<\/script><!-- Mailchimp for WordPress v4.12.2 - https:\/\/wordpress.org\/plugins\/mailchimp-for-wp\/ --><form id=\"mc4wp-form-1\" class=\"mc4wp-form mc4wp-form-841\" method=\"post\" data-id=\"841\" data-name=\"Formulaire inscription notification nouvel article\" ><div class=\"mc4wp-form-fields\"><p>\r\n    <label>Nom<\/label>\r\n    <input type=\"text\" name=\"FNAME\">\r\n<\/p>\r\n<p>\r\n\t<label>Adresse courriel: \r\n\t\t<input type=\"email\" name=\"EMAIL\" placeholder=\"Votre adresse e-mail\" required \/>\r\n<\/label>\r\n<\/p>\r\n\r\n<p>\r\n\t<input type=\"submit\" value=\"Inscrivez-vous pour \u00eatre inform\u00e9s des nouveaux articles publi\u00e9s\" \/>\r\n<\/p><\/div><label style=\"display: none !important;\">Laissez ce champ vide si vous \u00eates humain\u00a0: <input type=\"text\" name=\"_mc4wp_honeypot\" value=\"\" tabindex=\"-1\" autocomplete=\"off\" \/><\/label><input type=\"hidden\" name=\"_mc4wp_timestamp\" value=\"1777379779\" \/><input type=\"hidden\" name=\"_mc4wp_form_id\" value=\"841\" \/><input type=\"hidden\" name=\"_mc4wp_form_element_id\" value=\"mc4wp-form-1\" \/><div class=\"mc4wp-response\"><\/div><\/form><!-- \/ Mailchimp for WordPress Plugin -->\n&nbsp;<\/p>\n","protected":false},"excerpt":{"rendered":"<p>&nbsp; &nbsp; &nbsp; &nbsp; \u00censcrie\u021bi-v\u0103 pentru a fi informat cu privire la noile articole publicate &nbsp;<\/p>\n","protected":false},"author":1,"featured_media":7062,"parent":0,"menu_order":0,"comment_status":"closed","ping_status":"closed","template":"","meta":{"footnotes":""},"class_list":["post-7059","page","type-page","status-publish","has-post-thumbnail","hentry"],"_links":{"self":[{"href":"https:\/\/hesychia.eu\/index.php\/wp-json\/wp\/v2\/pages\/7059","targetHints":{"allow":["GET"]}}],"collection":[{"href":"https:\/\/hesychia.eu\/index.php\/wp-json\/wp\/v2\/pages"}],"about":[{"href":"https:\/\/hesychia.eu\/index.php\/wp-json\/wp\/v2\/types\/page"}],"author":[{"embeddable":true,"href":"https:\/\/hesychia.eu\/index.php\/wp-json\/wp\/v2\/users\/1"}],"replies":[{"embeddable":true,"href":"https:\/\/hesychia.eu\/index.php\/wp-json\/wp\/v2\/comments?post=7059"}],"version-history":[{"count":5,"href":"https:\/\/hesychia.eu\/index.php\/wp-json\/wp\/v2\/pages\/7059\/revisions"}],"predecessor-version":[{"id":8408,"href":"https:\/\/hesychia.eu\/index.php\/wp-json\/wp\/v2\/pages\/7059\/revisions\/8408"}],"wp:featuredmedia":[{"embeddable":true,"href":"https:\/\/hesychia.eu\/index.php\/wp-json\/wp\/v2\/media\/7062"}],"wp:attachment":[{"href":"https:\/\/hesychia.eu\/index.php\/wp-json\/wp\/v2\/media?parent=7059"}],"curies":[{"name":"wp","href":"https:\/\/api.w.org\/{rel}","templated":true}]}}