{"id":7011,"date":"2024-01-10T13:17:25","date_gmt":"2024-01-10T12:17:25","guid":{"rendered":"http:\/\/hesychia.eu\/?page_id=7011"},"modified":"2024-01-10T19:31:03","modified_gmt":"2024-01-10T18:31:03","slug":"le-pater-explique-par-les-peres","status":"publish","type":"page","link":"https:\/\/hesychia.eu\/index.php\/le-pater-explique-par-les-peres\/","title":{"rendered":"Le Pater expliqu\u00e9 par les P\u00e8res"},"content":{"rendered":"<p>&nbsp;<\/p>\n<h4 style=\"text-align: left;\">GREC ANCIEN <a href=\"#_ftn1\" name=\"_ftnref1\">[1]<\/a><\/h4>\n<div class=\"perfect-pullquote vcard pullquote-align-full pullquote-border-placement-left\"><blockquote><p>\u03c0\u03b1\u03c4\u03b5\u03c1 \u03b7\u03bc\u03c9\u03bd \u03bf \u03b5\u03bd \u03c4\u03bf\u03b9\u03c2 \u03bf\u03c5\u03c1\u03b1\u03bd\u03bf\u03b9\u03c2 \u03b1\u03b3\u03b9\u03b1\u03c3\u03b8\u03b7\u03c4\u03c9 \u03c4\u03bf \u03bf\u03bd\u03bf\u03bc\u03b1 \u03c3\u03bf\u03c5 \u00b9\u2070 \u03b5\u03bb\u03b8\u03b5\u03c4\u03c9 \u03b7 \u03b2\u03b1\u03c3\u03b9\u03bb\u03b5\u03b9\u03b1 \u03c3\u03bf\u03c5 \u03b3\u03b5\u03bd\u03b7\u03b8\u03b7\u03c4\u03c9 \u03c4\u03bf \u03b8\u03b5\u03bb\u03b7\u03bc\u03b1 \u03c3\u03bf\u03c5 \u03c9\u03c2 \u03b5\u03bd \u03bf\u03c5\u03c1\u03b1\u03bd\u03c9 \u03ba\u03b1\u03b9 \u03b5\u03c0\u03b9 \u03c4\u03b7\u03c2 \u03b3\u03b7\u03c2 \u00b9\u00b9 \u03c4\u03bf\u03bd \u03b1\u03c1\u03c4\u03bf\u03bd \u03b7\u03bc\u03c9\u03bd \u03c4\u03bf\u03bd \u03b5\u03c0\u03b9\u03bf\u03c5\u03c3\u03b9\u03bf\u03bd \u03b4\u03bf\u03c2 \u03b7\u03bc\u03b9\u03bd \u03c3\u03b7\u03bc\u03b5\u03c1\u03bf\u03bd \u00b9\u00b2 \u03ba\u03b1\u03b9 \u03b1\u03c6\u03b5\u03c2 \u03b7\u03bc\u03b9\u03bd \u03c4\u03b1 \u03bf\u03c6\u03b5\u03b9\u03bb\u03b7\u03bc\u03b1\u03c4\u03b1 \u03b7\u03bc\u03c9\u03bd \u03c9\u03c2 \u03ba\u03b1\u03b9 \u03b7\u03bc\u03b5\u03b9\u03c2 \u03b1\u03c6\u03b9\u03b5\u03bc\u03b5\u03bd \u03c4\u03bf\u03b9\u03c2 \u03bf\u03c6\u03b5\u03b9\u03bb\u03b5\u03c4\u03b1\u03b9\u03c2 \u03b7\u03bc\u03c9\u03bd \u00b9\u00b3 \u03ba\u03b1\u03b9 \u03bc\u03b7 \u03b5\u03b9\u03c3\u03b5\u03bd\u03b5\u03b3\u03ba\u03b7\u03c2 \u03b7\u03bc\u03b1\u03c2 \u03b5\u03b9\u03c2 \u03c0\u03b5\u03b9\u03c1\u03b1\u03c3\u03bc\u03bf\u03bd \u03b1\u03bb\u03bb\u03b1 \u03c1\u03c5\u03c3\u03b1\u03b9 \u03b7\u03bc\u03b1\u03c2 \u03b1\u03c0\u03bf \u03c4\u03bf\u03c5 \u03c0\u03bf\u03bd\u03b7\u03c1\u03bf\u03c5 \u03bf\u03c4\u03b9 \u03c3\u03bf\u03c5 \u03b5\u03c3\u03c4\u03b9\u03bd \u03b7 \u03b2\u03b1\u03c3\u03b9\u03bb\u03b5\u03b9\u03b1 \u03ba\u03b1\u03b9 \u03b7 \u03b4\u03c5\u03bd\u03b1\u03bc\u03b9\u03c2 \u03ba\u03b1\u03b9 \u03b7 \u03b4\u03bf\u03be\u03b1 \u03b5\u03b9\u03c2 \u03c4\u03bf\u03c5\u03c2 \u03b1\u03b9\u03c9\u03bd\u03b1\u03c2 \u03b1\u03bc\u03b7\u03bd<\/p><\/blockquote><\/div>\n<p>&nbsp;<\/p>\n<h4>LATIN <a href=\"#_ftn2\" name=\"_ftnref2\">[2]<\/a><\/h4>\n<div class=\"perfect-pullquote vcard pullquote-align-full pullquote-border-placement-left\"><blockquote><p>Pater noster, qui es in c\u00e6lis: sanctificetur nomen tuum. \u00b9\u2070 Adveniat regnum tuum. Fiat voluntas tua, sicut in c\u00e6lo, et in terra. \u00b9\u00b9 Panem nostrum supersubstantialem da nobis hodie. \u00b9\u00b2 Et dimitte nobis debita nostra, sicut et nos dimittimus debitoribus nostris. \u00b9\u00b3 Et ne nos inducas in tentationem. Sed libera nos a malo. Amen.<\/p><\/blockquote><\/div>\n<p>&nbsp;<\/p>\n<h4>FRAN\u00c7AIS<\/h4>\n<h5>Traduction par l\u2019abb\u00e9 Bayle <a href=\"#_ftn3\" name=\"_ftnref3\">[3]<\/a><\/h5>\n<div class=\"perfect-pullquote vcard pullquote-align-full pullquote-border-placement-left\"><blockquote><p>Notre P\u00e8re, qui \u00eates aux Cieux, que Votre nom soit sanctifi\u00e9; \u00b9\u2070 que Votre r\u00e8gne arrive; que Votre volont\u00e9 soit faite sur la terre comme au Ciel. \u00b9\u00b9 Donnez-nous aujourd&rsquo;hui le pain qui nous est n\u00e9cessaire, \u00b9\u00b2 et remettez-nous nos dettes, comme nous les remettons nous-m\u00eames \u00e0 ceux qui nous doivent; \u00b9\u00b3 et ne nous abandonnez pas \u00e0 la tentation, mais d\u00e9livrez-nous du mal.\u00a0 Ainsi soit-il.<\/p><\/blockquote><\/div>\n<p>&nbsp;<\/p>\n<h5>Traduction orthodoxe &#8211; <em>Manuel de pri\u00e8res du chr\u00e9tien orthodoxe <\/em><a href=\"#_ftn4\" name=\"_ftnref4\">[4]<\/a><\/h5>\n<p>&nbsp;<\/p>\n<div class=\"perfect-pullquote vcard pullquote-align-full pullquote-border-placement-left\"><blockquote><p>Notre P\u00e8re qui es aux cieux, que ton Nom soit sanctifi\u00e9, \u00b9\u2070 que ton R\u00e8gne vienne, que ta volont\u00e9 soit faite, sur la terre comme au ciel. \u00b9\u00b9 Donne-nous aujourd&rsquo;hui notre pain de chaque jour. \u00b9\u00b2 Remets-nous nos dettes comme nous les remettons nous aussi \u00e0 nos d\u00e9biteurs, \u00b9\u00b3 et ne nous laisse pas succomber \u00e0 la tentation, mais d\u00e9livre-nous du Malin.<\/p><\/blockquote><\/div>\n<p>&nbsp;<\/p>\n<h5>Traduction orthodoxe &#8211; <em>La Divine Liturgie de Saint Jean Chrysostome <\/em>\u2013 Commentaires \u00e0 la lumi\u00e8re des P\u00e8res de l\u2019\u00c9glise <a href=\"#_ftn5\" name=\"_ftnref5\">[5]<\/a><\/h5>\n<p>&nbsp;<\/p>\n<div class=\"perfect-pullquote vcard pullquote-align-full pullquote-border-placement-left\"><blockquote><p>Notre P\u00e8re qui es aux Cieux, que ton Nom soit sanctifi\u00e9, \u00b9\u2070 que Ton r\u00e8gne vienne, que Ta volont\u00e9 soit faite, sur la Terre comme au Ciel. \u00b9\u00b9 Donne-nous aujourd&rsquo;hui notre pain suressentiel, \u00b9\u00b2 remets-nous nos dettes, comme nous les remettons aussi \u00e0 nos d\u00e9biteurs, \u00b9\u00b3 et ne nous laisse pas entrer en tentation, mais d\u00e9livre-nous du malin.<\/p><\/blockquote><\/div>\n<p>&nbsp;<\/p>\n<h5>Traduction orthodoxe &#8211; <em>Divines Liturgies de Saint Jean Chrysostome et de Saint Basile de C\u00e9sar\u00e9e <\/em><a href=\"#_ftn6\" name=\"_ftnref6\">[6]<\/a><\/h5>\n<div class=\"perfect-pullquote vcard pullquote-align-full pullquote-border-placement-left\"><blockquote><p>Notre P\u00e8re qui es aux cieux, que ton Nom soit sanctifi\u00e9, \u00b9\u2070 que ton R\u00e8gne vienne, que ta Volont\u00e9 soit faite sur la terre comme au ciel. \u00b9\u00b9 Donne-nous aujourd\u2019hui notre pain essentiel. \u00b9\u00b2 Remets-nous nos dettes comme nous aussi avons remis \u00e0 nos d\u00e9biteurs. \u00b9\u00b3 Et ne nous laisse pas succomber \u00e0 la tentation, mais d\u00e9livre-nous du Malin.<\/p><\/blockquote><\/div>\n<p>&nbsp;<\/p>\n<hr \/>\n<p>&nbsp;<\/p>\n<p><a href=\"#_ftnref1\" name=\"_ftn1\">[1]<\/a> <em>The New Testament in the Original Greek: Byzantine Textform<\/em>, edited by Maurice A. Robinson and William G. Pierpont\u00a0(Southborough, MA: Chilton Book Publishing, 2005).<\/p>\n<p><a href=\"#_ftnref2\" name=\"_ftn2\">[2]<\/a> <em>Vulgat\u00e6 Editionis<\/em>, Sixti V et Clementis VIII, Anno 2009, R. Conte Editore<sup>\u00a0<\/sup><\/p>\n<p><a href=\"#_ftnref3\" name=\"_ftn3\">[3]<\/a> <em>La Sainte Bible, \u00c9vangile selon S. Matthieu<\/em> \/ introduction critique, et commentaires par M. l&rsquo;abb\u00e9 L. Cl. Fillion, traduction fran\u00e7aise par M. l&rsquo;abb\u00e9 Bayle, Chez P. Lethielleux, \u00c9diteur, Paris, 1878<\/p>\n<p><a href=\"#_ftnref4\" name=\"_ftn4\">[4]<\/a> <em>Manuel de pri\u00e8res du chr\u00e9tien orthodoxe<\/em>, Monast\u00e8re Saint-Antoine-le-Grand, Monast\u00e8re de Solan, Saint-Laurent-en-Royans, 2014, p. 6<\/p>\n<p><a href=\"#_ftnref5\" name=\"_ftn5\">[5]<\/a> Hi\u00e9romoine Gr\u00e9goire du Mont Athos, <em>La Divine Liturgie de Saint Jean Chrysostome<\/em> \u2013 Commentaires \u00e0 la lumi\u00e8re des P\u00e8res de l\u2019\u00c9glise, Traduit du grec par Bernard Le Caro, \u00c9ditions des Syrtes, Gen\u00e8ve, 2015<\/p>\n<p><a href=\"#_ftnref6\" name=\"_ftn6\">[6]<\/a> <em>Divines Liturgies de Saint Jean Chrysostome et de Saint Basile de C\u00e9sar\u00e9e, <\/em>Traduites du grec par l&rsquo;archimandrite Jacob, le hi\u00e9romoine Elis\u00e9e et le p\u00e8re Dr. Y. Goldman, Monast\u00e8re de la Th\u00e9otokos et de Saint Martin, Villebazy, 2005<\/p>\n<p>&nbsp;<\/p>\n<div class=\"vlp-link-container vlp-layout-basic\"><a href=\"https:\/\/hesychia.eu\/index.php\/le-pater-explique-par-les-peres-notre-pere\/\" class=\"vlp-link\" title=\"Le Pater expliqu\u00e9 par les P\u00e8res - Notre P\u00e8re...\"><\/a><div class=\"vlp-layout-zone-side\"><div class=\"vlp-block-2 vlp-link-image\"><img loading=\"lazy\" decoding=\"async\" style=\"max-width: 150px;\" width=\"150\" height=\"189\" src=\"https:\/\/hesychia.eu\/wp-content\/uploads\/2022\/09\/Bamberger-Apokalypse-282.940px.jpg\" class=\"attachment-150x999 size-150x999\" alt=\"\" srcset=\"https:\/\/hesychia.eu\/wp-content\/uploads\/2022\/09\/Bamberger-Apokalypse-282.940px.jpg 940w, https:\/\/hesychia.eu\/wp-content\/uploads\/2022\/09\/Bamberger-Apokalypse-282.940px-238x300.jpg 238w, https:\/\/hesychia.eu\/wp-content\/uploads\/2022\/09\/Bamberger-Apokalypse-282.940px-812x1024.jpg 812w, https:\/\/hesychia.eu\/wp-content\/uploads\/2022\/09\/Bamberger-Apokalypse-282.940px-768x969.jpg 768w\" sizes=\"auto, (max-width: 150px) 100vw, 150px\" \/><\/div><\/div><div class=\"vlp-layout-zone-main\"><div class=\"vlp-block-0 vlp-link-title\">Le Pater expliqu\u00e9 par les P\u00e8res - Notre P\u00e8re...<\/div><div class=\"vlp-block-1 vlp-link-summary\">Tertullien:  L&#8217;Oraison dominicale commence par un t\u00e9moignage rendu \u00e0 Dieu et par un acte de foi&hellip;<\/div><\/div><\/div>\n<p>&nbsp;<\/p>\n<div class=\"vlp-link-container vlp-layout-basic\"><a href=\"http:\/\/www.migne.fr\/textes\/peres-eglise\/40-qvp-05-tertullien-la-priere#\" class=\"vlp-link\" title=\"Tertullien, La pri\u00e8re - Migne.fr\" rel=\"nofollow\" target=\"_blank\"><\/a><div class=\"vlp-layout-zone-side\"><div class=\"vlp-block-2 vlp-link-image\"><img loading=\"lazy\" decoding=\"async\" style=\"max-width: 72px;\" width=\"72\" height=\"111\" src=\"https:\/\/hesychia.eu\/wp-content\/uploads\/2024\/01\/Afrique.jpg\" class=\"attachment-150x999 size-150x999\" alt=\"\" \/><\/div><\/div><div class=\"vlp-layout-zone-main\"><div class=\"vlp-block-0 vlp-link-title\">Tertullien, La pri\u00e8re - Migne.fr<\/div><div class=\"vlp-block-1 vlp-link-summary\">La pri\u00e8re en Afrique chr\u00e9tienne<br \/>\nColl. \u00ab Quand vous prierez \u00bb (1982) , PL 1,1149-1165 - CC 1,257-274. Traduction A.-G. Hamman<br \/>\nCaract\u00e9ristiques de la pri\u00e8re.<br \/>\n<\/div><\/div><\/div>\n<div class=\"vlp-link-container vlp-layout-basic\"><a href=\"https:\/\/hesychia.eu\/index.php\/la-priere\/\" class=\"vlp-link\" title=\"De la pri\u00e8re\"><\/a><div class=\"vlp-layout-zone-side\"><div class=\"vlp-block-2 vlp-link-image\"><img loading=\"lazy\" decoding=\"async\" style=\"max-width: 150px;\" width=\"150\" height=\"150\" src=\"https:\/\/hesychia.eu\/wp-content\/uploads\/2021\/07\/650px.02.Beliukin.Dmitriiy.Anatolevich.Staryiy.novyiy.hram_.jpg\" class=\"attachment-150x999 size-150x999\" alt=\"\" srcset=\"https:\/\/hesychia.eu\/wp-content\/uploads\/2021\/07\/650px.02.Beliukin.Dmitriiy.Anatolevich.Staryiy.novyiy.hram_.jpg 650w, https:\/\/hesychia.eu\/wp-content\/uploads\/2021\/07\/650px.02.Beliukin.Dmitriiy.Anatolevich.Staryiy.novyiy.hram_-300x300.jpg 300w, https:\/\/hesychia.eu\/wp-content\/uploads\/2021\/07\/650px.02.Beliukin.Dmitriiy.Anatolevich.Staryiy.novyiy.hram_-150x150.jpg 150w\" sizes=\"auto, (max-width: 150px) 100vw, 150px\" \/><\/div><\/div><div class=\"vlp-layout-zone-main\"><div class=\"vlp-block-0 vlp-link-title\">De la pri\u00e8re<\/div><div class=\"vlp-block-1 vlp-link-summary\">&nbsp; &nbsp; &nbsp;<\/div><\/div><\/div>\n<p>&nbsp;<\/p>\n","protected":false},"excerpt":{"rendered":"<p>&nbsp; GREC ANCIEN [1] &nbsp; LATIN [2] &nbsp; FRAN\u00c7AIS Traduction par l\u2019abb\u00e9 Bayle [3] &nbsp; Traduction orthodoxe &#8211; Manuel&hellip;<\/p>\n","protected":false},"author":1,"featured_media":5624,"parent":0,"menu_order":0,"comment_status":"closed","ping_status":"closed","template":"","meta":{"footnotes":""},"class_list":["post-7011","page","type-page","status-publish","has-post-thumbnail","hentry"],"_links":{"self":[{"href":"https:\/\/hesychia.eu\/index.php\/wp-json\/wp\/v2\/pages\/7011","targetHints":{"allow":["GET"]}}],"collection":[{"href":"https:\/\/hesychia.eu\/index.php\/wp-json\/wp\/v2\/pages"}],"about":[{"href":"https:\/\/hesychia.eu\/index.php\/wp-json\/wp\/v2\/types\/page"}],"author":[{"embeddable":true,"href":"https:\/\/hesychia.eu\/index.php\/wp-json\/wp\/v2\/users\/1"}],"replies":[{"embeddable":true,"href":"https:\/\/hesychia.eu\/index.php\/wp-json\/wp\/v2\/comments?post=7011"}],"version-history":[{"count":10,"href":"https:\/\/hesychia.eu\/index.php\/wp-json\/wp\/v2\/pages\/7011\/revisions"}],"predecessor-version":[{"id":7033,"href":"https:\/\/hesychia.eu\/index.php\/wp-json\/wp\/v2\/pages\/7011\/revisions\/7033"}],"wp:featuredmedia":[{"embeddable":true,"href":"https:\/\/hesychia.eu\/index.php\/wp-json\/wp\/v2\/media\/5624"}],"wp:attachment":[{"href":"https:\/\/hesychia.eu\/index.php\/wp-json\/wp\/v2\/media?parent=7011"}],"curies":[{"name":"wp","href":"https:\/\/api.w.org\/{rel}","templated":true}]}}