{"id":5859,"date":"2022-12-28T21:47:24","date_gmt":"2022-12-28T20:47:24","guid":{"rendered":"http:\/\/hesychia.eu\/?page_id=5859"},"modified":"2024-12-25T22:01:23","modified_gmt":"2024-12-25T21:01:23","slug":"la-nativite-de-jesus-christ","status":"publish","type":"page","link":"https:\/\/hesychia.eu\/index.php\/la-nativite-de-jesus-christ\/","title":{"rendered":"La Nativit\u00e9 de notre Seigneur Dieu et Sauveur J\u00e9sus Christ"},"content":{"rendered":"<p>&nbsp;<\/p>\n<p>&nbsp;<\/p>\n<div class=\"vlp-link-container vlp-layout-basic\"><a href=\"https:\/\/hesychia.eu\/index.php\/2022\/12\/28\/noel_prisons\/\" class=\"vlp-link\" title=\"No\u00ebl dans les prisons communistes\"><\/a><div class=\"vlp-layout-zone-side\"><div class=\"vlp-block-2 vlp-link-image\"><img loading=\"lazy\" decoding=\"async\" style=\"max-width: 150px;\" width=\"150\" height=\"113\" src=\"https:\/\/hesychia.eu\/wp-content\/uploads\/2022\/12\/650px.13.jpg\" class=\"attachment-150x999 size-150x999\" alt=\"\" srcset=\"https:\/\/hesychia.eu\/wp-content\/uploads\/2022\/12\/650px.13.jpg 650w, https:\/\/hesychia.eu\/wp-content\/uploads\/2022\/12\/650px.13-300x225.jpg 300w\" sizes=\"auto, (max-width: 150px) 100vw, 150px\" \/><\/div><\/div><div class=\"vlp-layout-zone-main\"><div class=\"vlp-block-0 vlp-link-title\">No\u00ebl dans les prisons communistes<\/div><\/div><\/div>\n<p>&nbsp;<\/p>\n<div class=\"vlp-link-container vlp-layout-basic\"><a href=\"https:\/\/hesychia.eu\/index.php\/2022\/12\/29\/prets\/\" class=\"vlp-link\" title=\"M\u00e9tropolite Augustin Kantiotis de Florina - Sommes-nous pr\u00eats pour No\u00ebl ?\"><\/a><div class=\"vlp-layout-zone-side\"><div class=\"vlp-block-2 vlp-link-image\"><img loading=\"lazy\" decoding=\"async\" style=\"max-width: 150px;\" width=\"150\" height=\"182\" src=\"https:\/\/hesychia.eu\/wp-content\/uploads\/2022\/12\/650px.12.jpg\" class=\"attachment-150x999 size-150x999\" alt=\"\" srcset=\"https:\/\/hesychia.eu\/wp-content\/uploads\/2022\/12\/650px.12.jpg 650w, https:\/\/hesychia.eu\/wp-content\/uploads\/2022\/12\/650px.12-247x300.jpg 247w\" sizes=\"auto, (max-width: 150px) 100vw, 150px\" \/><\/div><\/div><div class=\"vlp-layout-zone-main\"><div class=\"vlp-block-0 vlp-link-title\">M\u00e9tropolite Augustin Kantiotis de Florina - Sommes-nous pr\u00eats pour No\u00ebl ?<\/div><div class=\"vlp-block-1 vlp-link-summary\">Bien-aim\u00e9s en Christ, je voudrais vous poser une question\u2009; je me la pose \u00e0 moi-m\u00eame et je vous la&hellip;<\/div><\/div><\/div>\n<div class=\"vlp-link-container vlp-layout-basic\"><a href=\"https:\/\/hesychia.eu\/index.php\/2024\/12\/20\/justin_noel\/\" class=\"vlp-link\" title=\"Saint Justin de Tch\u00e9li\u00e9: Message de No\u00ebl\"><\/a><div class=\"vlp-layout-zone-side\"><div class=\"vlp-block-2 vlp-link-image\"><img loading=\"lazy\" decoding=\"async\" style=\"max-width: 150px;\" width=\"150\" height=\"173\" src=\"https:\/\/hesychia.eu\/wp-content\/uploads\/2022\/12\/650px.07.jpg\" class=\"attachment-150x999 size-150x999\" alt=\"\" srcset=\"https:\/\/hesychia.eu\/wp-content\/uploads\/2022\/12\/650px.07.jpg 650w, https:\/\/hesychia.eu\/wp-content\/uploads\/2022\/12\/650px.07-260x300.jpg 260w\" sizes=\"auto, (max-width: 150px) 100vw, 150px\" \/><\/div><\/div><div class=\"vlp-layout-zone-main\"><div class=\"vlp-block-0 vlp-link-title\">Saint Justin de Tch\u00e9li\u00e9: Message de No\u00ebl<\/div><div class=\"vlp-block-1 vlp-link-summary\">&nbsp; Christ est n\u00e9\u2009! Dieu est n\u00e9\u2009! II est n\u00e9 Dieu et Homme\u2009! Pourquoi\u2009? &nbsp; &nbsp;<\/div><\/div><\/div>\n<div class=\"vlp-link-container vlp-layout-basic\"><a href=\"https:\/\/hesychia.eu\/index.php\/2024\/12\/24\/nativite_nature\/\" class=\"vlp-link\" title=\"La naissance du Christ ne s\u2019explique pas par les lois de la nature\"><\/a><div class=\"vlp-layout-zone-side\"><div class=\"vlp-block-2 vlp-link-image\"><img loading=\"lazy\" decoding=\"async\" style=\"max-width: 150px;\" width=\"150\" height=\"190\" src=\"https:\/\/hesychia.eu\/wp-content\/uploads\/2022\/12\/650px.05.jpg\" class=\"attachment-150x999 size-150x999\" alt=\"\" srcset=\"https:\/\/hesychia.eu\/wp-content\/uploads\/2022\/12\/650px.05.jpg 650w, https:\/\/hesychia.eu\/wp-content\/uploads\/2022\/12\/650px.05-237x300.jpg 237w\" sizes=\"auto, (max-width: 150px) 100vw, 150px\" \/><\/div><\/div><div class=\"vlp-layout-zone-main\"><div class=\"vlp-block-0 vlp-link-title\">La naissance du Christ ne s\u2019explique pas par les lois de la nature<\/div><div class=\"vlp-block-1 vlp-link-summary\">Saint Pierre Chrysologue, \u00e9v\u00eaque de Ravenne : Que personne ne croie qu\u2019il est injurieux \u00e0 Dieu d\u2019\u00eatre venu vers les hommes par l\u2019homme [sermon 147]<\/div><\/div><\/div>\n<div class=\"vlp-link-container vlp-layout-basic\"><a href=\"https:\/\/bulletintheologique.wordpress.com\/2014\/12\/25\/homelie-de-saint-jerome-sur-la-nativite-du-seigneur1\/\" class=\"vlp-link\" title=\"Hom\u00e9lie de saint J\u00e9r\u00f4me sur la nativit\u00e9 du Seigneur\" rel=\"nofollow\" target=\"_blank\"><\/a><div class=\"vlp-layout-zone-side\"><div class=\"vlp-block-2 vlp-link-image\"><img loading=\"lazy\" decoding=\"async\" style=\"max-width: 150px;\" width=\"150\" height=\"179\" src=\"https:\/\/hesychia.eu\/wp-content\/uploads\/2023\/01\/650px.-stovsvy.jpg\" class=\"attachment-150x999 size-150x999\" alt=\"\" srcset=\"https:\/\/hesychia.eu\/wp-content\/uploads\/2023\/01\/650px.-stovsvy.jpg 650w, https:\/\/hesychia.eu\/wp-content\/uploads\/2023\/01\/650px.-stovsvy-252x300.jpg 252w\" sizes=\"auto, (max-width: 150px) 100vw, 150px\" \/><\/div><\/div><div class=\"vlp-layout-zone-main\"><div class=\"vlp-block-0 vlp-link-title\">Hom\u00e9lie de saint J\u00e9r\u00f4me sur la nativit\u00e9 du Seigneur<\/div><div class=\"vlp-block-1 vlp-link-summary\">On est vraisemblablement dans les derni\u00e8res ann\u00e9es du 4\u00e8me si\u00e8cle. J\u00e9r\u00f4me pr\u00eache, le jour de No\u00ebl, dans l\u2019\u00e9glise de la Nativit\u00e9, \u00e0 Bethl\u00e9em, o\u00f9 il a fond\u00e9 un monast\u00e8re, qu\u2019il dirige. \u00ab\u00a0Et elle \u2026<\/div><\/div><\/div>\n<div class=\"vlp-link-container vlp-layout-basic\"><a href=\"https:\/\/hesychia.eu\/index.php\/2024\/12\/25\/nazianze_nativite\/\" class=\"vlp-link\" title=\"Saint Gr\u00e9goire le Th\u00e9ologien: Pour la Th\u00e9ophanie ou la Nativit\u00e9\"><\/a><div class=\"vlp-layout-zone-side\"><div class=\"vlp-block-2 vlp-link-image\"><img loading=\"lazy\" decoding=\"async\" style=\"max-width: 150px;\" width=\"150\" height=\"135\" src=\"https:\/\/hesychia.eu\/wp-content\/uploads\/2022\/12\/650px.22.jpg\" class=\"attachment-150x999 size-150x999\" alt=\"\" srcset=\"https:\/\/hesychia.eu\/wp-content\/uploads\/2022\/12\/650px.22.jpg 650w, https:\/\/hesychia.eu\/wp-content\/uploads\/2022\/12\/650px.22-300x269.jpg 300w\" sizes=\"auto, (max-width: 150px) 100vw, 150px\" \/><\/div><\/div><div class=\"vlp-layout-zone-main\"><div class=\"vlp-block-0 vlp-link-title\">Saint Gr\u00e9goire le Th\u00e9ologien: Pour la Th\u00e9ophanie ou la Nativit\u00e9<\/div><div class=\"vlp-block-1 vlp-link-summary\">Celui qu\u2019on ne peut voir est vu, celui qu\u2019on ne peut toucher est palpable, celui qui est en dehors du temps a un commencement, le Fils de Dieu devient fils d\u2019homme <\/div><\/div><\/div>\n<p>&nbsp;<\/p>\n<p>&nbsp;<\/p>\n","protected":false},"excerpt":{"rendered":"<p>&nbsp; &nbsp; &nbsp; &nbsp; &nbsp;<\/p>\n","protected":false},"author":1,"featured_media":5838,"parent":0,"menu_order":0,"comment_status":"open","ping_status":"closed","template":"","meta":{"footnotes":""},"class_list":["post-5859","page","type-page","status-publish","has-post-thumbnail","hentry"],"_links":{"self":[{"href":"https:\/\/hesychia.eu\/index.php\/wp-json\/wp\/v2\/pages\/5859","targetHints":{"allow":["GET"]}}],"collection":[{"href":"https:\/\/hesychia.eu\/index.php\/wp-json\/wp\/v2\/pages"}],"about":[{"href":"https:\/\/hesychia.eu\/index.php\/wp-json\/wp\/v2\/types\/page"}],"author":[{"embeddable":true,"href":"https:\/\/hesychia.eu\/index.php\/wp-json\/wp\/v2\/users\/1"}],"replies":[{"embeddable":true,"href":"https:\/\/hesychia.eu\/index.php\/wp-json\/wp\/v2\/comments?post=5859"}],"version-history":[{"count":9,"href":"https:\/\/hesychia.eu\/index.php\/wp-json\/wp\/v2\/pages\/5859\/revisions"}],"predecessor-version":[{"id":7693,"href":"https:\/\/hesychia.eu\/index.php\/wp-json\/wp\/v2\/pages\/5859\/revisions\/7693"}],"wp:featuredmedia":[{"embeddable":true,"href":"https:\/\/hesychia.eu\/index.php\/wp-json\/wp\/v2\/media\/5838"}],"wp:attachment":[{"href":"https:\/\/hesychia.eu\/index.php\/wp-json\/wp\/v2\/media?parent=5859"}],"curies":[{"name":"wp","href":"https:\/\/api.w.org\/{rel}","templated":true}]}}