{"id":5340,"date":"2022-03-27T19:39:38","date_gmt":"2022-03-27T17:39:38","guid":{"rendered":"http:\/\/hesychia.eu\/?page_id=5340"},"modified":"2022-03-27T19:53:39","modified_gmt":"2022-03-27T17:53:39","slug":"metropolite-antoine-khrapovitsky","status":"publish","type":"page","link":"https:\/\/hesychia.eu\/index.php\/metropolite-antoine-khrapovitsky\/","title":{"rendered":"M\u00e9tropolite Antoine Khrapovitsky"},"content":{"rendered":"<p>&nbsp;<\/p>\n<div class=\"vlp-link-container vlp-layout-basic\"><a href=\"https:\/\/hesychia.eu\/index.php\/2022\/03\/27\/personnalite_metropolite_antoine_1\/\" class=\"vlp-link\" title=\"L\u2019archimandrite Justin Popovitch - Le myst\u00e8re de la personnalit\u00e9 du m\u00e9tropolite Antoine Khrapovitsky I\/ II\"><\/a><div class=\"vlp-layout-zone-side\"><div class=\"vlp-block-2 vlp-link-image\"><img loading=\"lazy\" decoding=\"async\" style=\"max-width: 150px;\" width=\"150\" height=\"135\" src=\"https:\/\/hesychia.eu\/wp-content\/uploads\/2022\/03\/650px.01.\u041c\u0438\u0442\u0440\u043e\u043f\u043e\u043b\u0438\u0442_\u0410\u043d\u0442\u043e\u043d\u0438\u0439_\u0425\u0440\u0430\u043f\u043e\u0432\u0438\u0446\u043a\u0438\u0439_1935.jpg\" class=\"attachment-150x999 size-150x999\" alt=\"\" srcset=\"https:\/\/hesychia.eu\/wp-content\/uploads\/2022\/03\/650px.01.\u041c\u0438\u0442\u0440\u043e\u043f\u043e\u043b\u0438\u0442_\u0410\u043d\u0442\u043e\u043d\u0438\u0439_\u0425\u0440\u0430\u043f\u043e\u0432\u0438\u0446\u043a\u0438\u0439_1935.jpg 650w, https:\/\/hesychia.eu\/wp-content\/uploads\/2022\/03\/650px.01.\u041c\u0438\u0442\u0440\u043e\u043f\u043e\u043b\u0438\u0442_\u0410\u043d\u0442\u043e\u043d\u0438\u0439_\u0425\u0440\u0430\u043f\u043e\u0432\u0438\u0446\u043a\u0438\u0439_1935-300x271.jpg 300w\" sizes=\"auto, (max-width: 150px) 100vw, 150px\" \/><\/div><\/div><div class=\"vlp-layout-zone-main\"><div class=\"vlp-block-0 vlp-link-title\">L\u2019archimandrite Justin Popovitch - Le myst\u00e8re de la personnalit\u00e9 du m\u00e9tropolite Antoine Khrapovitsky I\/ II<\/div><div class=\"vlp-block-1 vlp-link-summary\">Je me trouve dans la position d\u2019une fourmi qui doit parler des envol\u00e9es d\u2019un aigle. Une fourmi peut-elle suivre&hellip;<\/div><\/div><\/div>\n&nbsp;<br \/>\n<div class=\"vlp-link-container vlp-layout-basic\"><a href=\"https:\/\/hesychia.eu\/index.php\/2022\/03\/14\/foi_guerre_01\/\" class=\"vlp-link\" title=\"M\u00e9tropolite Antoine Khrapovitsky - La foi chr\u00e9tienne et la guerre I \/ III\"><\/a><div class=\"vlp-layout-zone-side\"><div class=\"vlp-block-2 vlp-link-image\"><img loading=\"lazy\" decoding=\"async\" style=\"max-width: 150px;\" width=\"150\" height=\"201\" src=\"https:\/\/hesychia.eu\/wp-content\/uploads\/2022\/03\/iulmerk.650px.jpg\" class=\"attachment-150x999 size-150x999\" alt=\"\" srcset=\"https:\/\/hesychia.eu\/wp-content\/uploads\/2022\/03\/iulmerk.650px.jpg 650w, https:\/\/hesychia.eu\/wp-content\/uploads\/2022\/03\/iulmerk.650px-224x300.jpg 224w\" sizes=\"auto, (max-width: 150px) 100vw, 150px\" \/><\/div><\/div><div class=\"vlp-layout-zone-main\"><div class=\"vlp-block-0 vlp-link-title\">M\u00e9tropolite Antoine Khrapovitsky - La foi chr\u00e9tienne et la guerre I \/ III<\/div><div class=\"vlp-block-1 vlp-link-summary\">J\u2019ai re\u00e7u de diverses personnes des demandes \u00e9crites sur la mani\u00e8re dont on peut justifier la guerre d\u2019un point&hellip;<\/div><\/div><\/div>\n<p>&nbsp;<\/p>\n<hr \/>\n<p>&nbsp;<\/p>\n<div class=\"vlp-link-container vlp-layout-basic\"><a href=\"http:\/\/www.lalorgnettedetsargrad.gr\/2019\/07\/19\/metropolite-antoine-khrapovitski-les-traits-distinctifs-du-caractere-du-pere-jean-de-kronstadt-1-2\/\" class=\"vlp-link\" title=\"M\u00e9tropolite Antoine (Khrapovitski). Les traits distinctifs du caract\u00e8re du P\u00e8re Jean de Kronstadt. (1\/2) \u2013 La Lorgnette Orthodoxe\" rel=\"nofollow\" target=\"_blank\"><\/a><div class=\"vlp-layout-zone-side\"><div class=\"vlp-block-2 vlp-link-image\"><img loading=\"lazy\" decoding=\"async\" style=\"max-width: 150px;\" width=\"150\" height=\"193\" src=\"https:\/\/hesychia.eu\/wp-content\/uploads\/2022\/03\/300px.01.Metropolitan_Anthony_Khrapovitsky.jpg\" class=\"attachment-150x999 size-150x999\" alt=\"\" srcset=\"https:\/\/hesychia.eu\/wp-content\/uploads\/2022\/03\/300px.01.Metropolitan_Anthony_Khrapovitsky.jpg 300w, https:\/\/hesychia.eu\/wp-content\/uploads\/2022\/03\/300px.01.Metropolitan_Anthony_Khrapovitsky-233x300.jpg 233w\" sizes=\"auto, (max-width: 150px) 100vw, 150px\" \/><\/div><\/div><div class=\"vlp-layout-zone-main\"><div class=\"vlp-block-0 vlp-link-title\">M\u00e9tropolite Antoine (Khrapovitski). Les traits distinctifs du caract\u00e8re du P\u00e8re Jean de Kronstadt. (1\/2) \u2013 La Lorgnette Orthodoxe<\/div><\/div><\/div>\n<div class=\"vlp-link-container vlp-layout-basic\"><a href=\"http:\/\/www.lalorgnettedetsargrad.gr\/2019\/07\/26\/metropolite-antoine-khrapovitski-les-traits-distinctifs-du-caractere-du-pere-jean-de-kronstadt-2-2\/\" class=\"vlp-link\" title=\"M\u00e9tropolite Antoine (Khrapovitski). Les traits distinctifs du caract\u00e8re du P\u00e8re Jean de Kronstadt. (2\/2) \u2013 La Lorgnette Orthodoxe\" rel=\"nofollow\" target=\"_blank\"><\/a><div class=\"vlp-layout-zone-side\"><div class=\"vlp-block-2 vlp-link-image\"><img loading=\"lazy\" decoding=\"async\" style=\"max-width: 150px;\" width=\"150\" height=\"207\" src=\"https:\/\/hesychia.eu\/wp-content\/uploads\/2022\/03\/300px.02.Metropolitan_Anthony_Khrapovitsky.jpg\" class=\"attachment-150x999 size-150x999\" alt=\"\" srcset=\"https:\/\/hesychia.eu\/wp-content\/uploads\/2022\/03\/300px.02.Metropolitan_Anthony_Khrapovitsky.jpg 300w, https:\/\/hesychia.eu\/wp-content\/uploads\/2022\/03\/300px.02.Metropolitan_Anthony_Khrapovitsky-217x300.jpg 217w\" sizes=\"auto, (max-width: 150px) 100vw, 150px\" \/><\/div><\/div><div class=\"vlp-layout-zone-main\"><div class=\"vlp-block-0 vlp-link-title\">M\u00e9tropolite Antoine (Khrapovitski). Les traits distinctifs du caract\u00e8re du P\u00e8re Jean de Kronstadt. (2\/2) \u2013 La Lorgnette Orthodoxe<\/div><\/div><\/div>\n<div class=\"vlp-link-container vlp-layout-basic\"><a href=\"http:\/\/www.lalorgnettedetsargrad.gr\/2019\/07\/14\/le-projet-geopolitique-du-metropolite-antoine-khrapovitski-1-2\/\" class=\"vlp-link\" title=\"Le Projet g\u00e9opolitique du M\u00e9tropolite Antoine (Khrapovitski) (1\/2) \u2013 La Lorgnette Orthodoxe\" rel=\"nofollow\" target=\"_blank\"><\/a><div class=\"vlp-layout-zone-side\"><div class=\"vlp-block-2 vlp-link-image\"><img loading=\"lazy\" decoding=\"async\" style=\"max-width: 150px;\" width=\"150\" height=\"202\" src=\"https:\/\/hesychia.eu\/wp-content\/uploads\/2022\/03\/300px.03.Metropolitan_Anthony_Khrapovitsky.jpg\" class=\"attachment-150x999 size-150x999\" alt=\"\" srcset=\"https:\/\/hesychia.eu\/wp-content\/uploads\/2022\/03\/300px.03.Metropolitan_Anthony_Khrapovitsky.jpg 300w, https:\/\/hesychia.eu\/wp-content\/uploads\/2022\/03\/300px.03.Metropolitan_Anthony_Khrapovitsky-223x300.jpg 223w\" sizes=\"auto, (max-width: 150px) 100vw, 150px\" \/><\/div><\/div><div class=\"vlp-layout-zone-main\"><div class=\"vlp-block-0 vlp-link-title\">Le Projet g\u00e9opolitique du M\u00e9tropolite Antoine (Khrapovitski) (1\/2) \u2013 La Lorgnette Orthodoxe<\/div><div class=\"vlp-block-1 vlp-link-summary\">L\u2019article traduit ci-dessous est d\u00fb \u00e0 l\u2019Archipr\u00eatre Vladislav Tsypine. Il a \u00e9t\u00e9 mis en ligne le 25 octobre 2017 sur le site Pravoslavie.ru. Le texte fait partie du rapport pr\u00e9sent\u00e9 dans le cadre du S\u00e9minaire \u00ab\u2018Moscou-Troisi\u00e8me Rome\u2019: formule de paix et d\u2019unit\u00e9 avant et apr\u00e8s 1917\u00bb, tenu lors de la C\u2026<\/div><\/div><\/div>\n<div class=\"vlp-link-container vlp-layout-basic\"><a href=\"http:\/\/www.lalorgnettedetsargrad.gr\/2019\/07\/21\/le-projet-geopolitique-du-metropolite-antoine-khrapovitski-2-2\/\" class=\"vlp-link\" title=\"Le Projet g\u00e9opolitique du M\u00e9tropolite Antoine (Khrapovitski) (2\/2) \u2013 La Lorgnette Orthodoxe\" rel=\"nofollow\" target=\"_blank\"><\/a><div class=\"vlp-layout-zone-side\"><div class=\"vlp-block-2 vlp-link-image\"><img loading=\"lazy\" decoding=\"async\" style=\"max-width: 150px;\" width=\"150\" height=\"206\" src=\"https:\/\/hesychia.eu\/wp-content\/uploads\/2022\/03\/300px.05.2017.01.jpg\" class=\"attachment-150x999 size-150x999\" alt=\"\" srcset=\"https:\/\/hesychia.eu\/wp-content\/uploads\/2022\/03\/300px.05.2017.01.jpg 300w, https:\/\/hesychia.eu\/wp-content\/uploads\/2022\/03\/300px.05.2017.01-219x300.jpg 219w\" sizes=\"auto, (max-width: 150px) 100vw, 150px\" \/><\/div><\/div><div class=\"vlp-layout-zone-main\"><div class=\"vlp-block-0 vlp-link-title\">Le Projet g\u00e9opolitique du M\u00e9tropolite Antoine (Khrapovitski) (2\/2) \u2013 La Lorgnette Orthodoxe<\/div><div class=\"vlp-block-1 vlp-link-summary\">L\u2019article traduit ci-dessous est d\u00fb \u00e0 l\u2019Archipr\u00eatre Vladislav Tsypine. Il a \u00e9t\u00e9 mis en ligne le 25 octobre 2017 sur le site Pravoslavie.ru. Le texte fait partie du rapport pr\u00e9sent\u00e9 dans le cadre du S\u00e9minaire \u00ab\u2018Moscou-Troisi\u00e8me Rome\u2019: formule de paix et d\u2019unit\u00e9 avant et apr\u00e8s 1917\u00bb, tenu lors de la C\u2026<\/div><\/div><\/div>\n<p>&nbsp;<\/p>\n","protected":false},"excerpt":{"rendered":"<p>&nbsp; &nbsp; &nbsp; &nbsp; &nbsp;<\/p>\n","protected":false},"author":1,"featured_media":5331,"parent":0,"menu_order":0,"comment_status":"closed","ping_status":"closed","template":"","meta":{"footnotes":""},"class_list":["post-5340","page","type-page","status-publish","has-post-thumbnail","hentry"],"_links":{"self":[{"href":"https:\/\/hesychia.eu\/index.php\/wp-json\/wp\/v2\/pages\/5340","targetHints":{"allow":["GET"]}}],"collection":[{"href":"https:\/\/hesychia.eu\/index.php\/wp-json\/wp\/v2\/pages"}],"about":[{"href":"https:\/\/hesychia.eu\/index.php\/wp-json\/wp\/v2\/types\/page"}],"author":[{"embeddable":true,"href":"https:\/\/hesychia.eu\/index.php\/wp-json\/wp\/v2\/users\/1"}],"replies":[{"embeddable":true,"href":"https:\/\/hesychia.eu\/index.php\/wp-json\/wp\/v2\/comments?post=5340"}],"version-history":[{"count":5,"href":"https:\/\/hesychia.eu\/index.php\/wp-json\/wp\/v2\/pages\/5340\/revisions"}],"predecessor-version":[{"id":5345,"href":"https:\/\/hesychia.eu\/index.php\/wp-json\/wp\/v2\/pages\/5340\/revisions\/5345"}],"wp:featuredmedia":[{"embeddable":true,"href":"https:\/\/hesychia.eu\/index.php\/wp-json\/wp\/v2\/media\/5331"}],"wp:attachment":[{"href":"https:\/\/hesychia.eu\/index.php\/wp-json\/wp\/v2\/media?parent=5340"}],"curies":[{"name":"wp","href":"https:\/\/api.w.org\/{rel}","templated":true}]}}