{"id":4804,"date":"2021-11-29T12:05:38","date_gmt":"2021-11-29T11:05:38","guid":{"rendered":"http:\/\/hesychia.eu\/?page_id=4804"},"modified":"2022-01-18T13:42:49","modified_gmt":"2022-01-18T12:42:49","slug":"maxime_confession","status":"publish","type":"page","link":"https:\/\/hesychia.eu\/index.php\/maxime_confession\/","title":{"rendered":"Maxime le Confesseur \u2013 Les \u00e9tapes de la confession"},"content":{"rendered":"<p>&nbsp;<\/p>\n<div class=\"vlp-link-container vlp-layout-basic\"><a href=\"https:\/\/hesychia.eu\/index.php\/2021\/11\/29\/maxime_moine\/\" class=\"vlp-link\" title=\"Maxime le Confesseur \u2013 Les \u00e9tapes de la confession I\/V - LE MOINE (580-626)\"><\/a><div class=\"vlp-layout-zone-side\"><div class=\"vlp-block-2 vlp-link-image\"><img loading=\"lazy\" decoding=\"async\" style=\"max-width: 150px;\" width=\"150\" height=\"235\" src=\"https:\/\/hesychia.eu\/wp-content\/uploads\/2021\/11\/sfantul_maxim_marturisitorul.650px.07.jpg\" class=\"attachment-150x999 size-150x999\" alt=\"\" srcset=\"https:\/\/hesychia.eu\/wp-content\/uploads\/2021\/11\/sfantul_maxim_marturisitorul.650px.07.jpg 650w, https:\/\/hesychia.eu\/wp-content\/uploads\/2021\/11\/sfantul_maxim_marturisitorul.650px.07-191x300.jpg 191w\" sizes=\"auto, (max-width: 150px) 100vw, 150px\" \/><\/div><\/div><div class=\"vlp-layout-zone-main\"><div class=\"vlp-block-0 vlp-link-title\">Maxime le Confesseur \u2013 Les \u00e9tapes de la confession I\/V - LE MOINE (580-626)<\/div><div class=\"vlp-block-1 vlp-link-summary\">Nous savons avec certitude la date de naissance de Maxime \u2014 le Confesseur par sa d\u00e9position lors de son&hellip;<\/div><\/div><\/div>\n<div class=\"vlp-link-container vlp-layout-basic\"><a href=\"https:\/\/hesychia.eu\/index.php\/2021\/12\/19\/maxime-le-confesseur-les-etapes-de-la-confession-ii-v-lerrant-626-632\/\" class=\"vlp-link\" title=\"Maxime le Confesseur \u2013 Les \u00e9tapes de la confession II\/V - L\u2019ERRANT (626-632)\"><\/a><div class=\"vlp-layout-zone-side\"><div class=\"vlp-block-2 vlp-link-image\"><img loading=\"lazy\" decoding=\"async\" style=\"max-width: 150px;\" width=\"150\" height=\"139\" src=\"https:\/\/hesychia.eu\/wp-content\/uploads\/2021\/11\/sfantul_maxim_marturisitorul.650px.03.jpg\" class=\"attachment-150x999 size-150x999\" alt=\"\" srcset=\"https:\/\/hesychia.eu\/wp-content\/uploads\/2021\/11\/sfantul_maxim_marturisitorul.650px.03.jpg 650w, https:\/\/hesychia.eu\/wp-content\/uploads\/2021\/11\/sfantul_maxim_marturisitorul.650px.03-300x278.jpg 300w\" sizes=\"auto, (max-width: 150px) 100vw, 150px\" \/><\/div><\/div><div class=\"vlp-layout-zone-main\"><div class=\"vlp-block-0 vlp-link-title\">Maxime le Confesseur \u2013 Les \u00e9tapes de la confession II\/V - L\u2019ERRANT (626-632)<\/div><div class=\"vlp-block-1 vlp-link-summary\">Maxime quitte son monast\u00e8re en 626. D\u2019autre part, nous savons avec certitude, par une lettre dat\u00e9e, qu\u2019\u00e0 la Pentec\u00f4te\u00a0632&hellip;<\/div><\/div><\/div>\n<div class=\"vlp-link-container vlp-layout-basic\"><a href=\"https:\/\/hesychia.eu\/index.php\/2022\/01\/05\/maxime-le-confesseur-les-etapes-de-la-confession-ii-v-le-theologien-632-638\/\" class=\"vlp-link\" title=\"Maxime le Confesseur \u2013 Les \u00e9tapes de la confession III\/V - LE TH\u00c9OLOGIEN (632-638)\"><\/a><div class=\"vlp-layout-zone-side\"><div class=\"vlp-block-2 vlp-link-image\"><img loading=\"lazy\" decoding=\"async\" style=\"max-width: 150px;\" width=\"150\" height=\"191\" src=\"https:\/\/hesychia.eu\/wp-content\/uploads\/2021\/11\/sfantul_maxim_marturisitorul.500px.03.jpg\" class=\"attachment-150x999 size-150x999\" alt=\"\" srcset=\"https:\/\/hesychia.eu\/wp-content\/uploads\/2021\/11\/sfantul_maxim_marturisitorul.500px.03.jpg 500w, https:\/\/hesychia.eu\/wp-content\/uploads\/2021\/11\/sfantul_maxim_marturisitorul.500px.03-236x300.jpg 236w\" sizes=\"auto, (max-width: 150px) 100vw, 150px\" \/><\/div><\/div><div class=\"vlp-layout-zone-main\"><div class=\"vlp-block-0 vlp-link-title\">Maxime le Confesseur \u2013 Les \u00e9tapes de la confession III\/V - LE TH\u00c9OLOGIEN (632-638)<\/div><div class=\"vlp-block-1 vlp-link-summary\">D\u00e8s qu\u2019il arrive \u00e0 Alexandrie, Sophrone se fait remettre par le patriarche Cyrus les neuf chapitres qui constituent le&hellip;<\/div><\/div><\/div>\n<div class=\"vlp-link-container vlp-layout-basic\"><a href=\"https:\/\/hesychia.eu\/index.php\/2022\/01\/18\/maxime-le-confesseur-les-etapes-de-la-confession-iv-v-le-confesseur-638-653\/\" class=\"vlp-link\" title=\"Maxime le Confesseur \u2013 Les \u00e9tapes de la confession IV\/V - LE CONFESSEUR (638-653)\"><\/a><div class=\"vlp-layout-zone-side\"><div class=\"vlp-block-2 vlp-link-image\"><img loading=\"lazy\" decoding=\"async\" style=\"max-width: 150px;\" width=\"150\" height=\"121\" src=\"https:\/\/hesychia.eu\/wp-content\/uploads\/2021\/11\/650px.Glazunov.Ivan_.Sumerki.jpg\" class=\"attachment-150x999 size-150x999\" alt=\"\" srcset=\"https:\/\/hesychia.eu\/wp-content\/uploads\/2021\/11\/650px.Glazunov.Ivan_.Sumerki.jpg 650w, https:\/\/hesychia.eu\/wp-content\/uploads\/2021\/11\/650px.Glazunov.Ivan_.Sumerki-300x241.jpg 300w\" sizes=\"auto, (max-width: 150px) 100vw, 150px\" \/><\/div><\/div><div class=\"vlp-layout-zone-main\"><div class=\"vlp-block-0 vlp-link-title\">Maxime le Confesseur \u2013 Les \u00e9tapes de la confession IV\/V - LE CONFESSEUR (638-653)<\/div><div class=\"vlp-block-1 vlp-link-summary\">Montant sur le tr\u00f4ne patriarcal en janvier\u00a0639, Pyrrhus s\u2019empresse de r\u00e9unir un synode qui ratifie l\u2019Ecth\u00e8se imp\u00e9riale et la&hellip;<\/div><\/div><\/div>\n<div class=\"vlp-link-container vlp-layout-basic\"><a href=\"https:\/\/hesychia.eu\/index.php\/2022\/01\/18\/maxime-le-confesseur-les-etapes-de-la-confession-v-v-le-martyr-653-662\/\" class=\"vlp-link\" title=\"Maxime le Confesseur \u2013 Les \u00e9tapes de la confession V\/V - LE MARTYR (653-662)\"><\/a><div class=\"vlp-layout-zone-side\"><div class=\"vlp-block-2 vlp-link-image\"><img loading=\"lazy\" decoding=\"async\" style=\"max-width: 150px;\" width=\"150\" height=\"92\" src=\"https:\/\/hesychia.eu\/wp-content\/uploads\/2021\/11\/650px.Afonin.Aleksandr.Golgofa.russkogo.severa.jpg\" class=\"attachment-150x999 size-150x999\" alt=\"\" srcset=\"https:\/\/hesychia.eu\/wp-content\/uploads\/2021\/11\/650px.Afonin.Aleksandr.Golgofa.russkogo.severa.jpg 650w, https:\/\/hesychia.eu\/wp-content\/uploads\/2021\/11\/650px.Afonin.Aleksandr.Golgofa.russkogo.severa-300x184.jpg 300w\" sizes=\"auto, (max-width: 150px) 100vw, 150px\" \/><\/div><\/div><div class=\"vlp-layout-zone-main\"><div class=\"vlp-block-0 vlp-link-title\">Maxime le Confesseur \u2013 Les \u00e9tapes de la confession V\/V - LE MARTYR (653-662)<\/div><div class=\"vlp-block-1 vlp-link-summary\">\u00c0 Constantinople on suit attentivement les \u00e9v\u00e9nements de M Rome. N\u2019ayant pas approuv\u00e9 le Typos et n\u2019ayant pas \u00e9t\u00e9,&hellip;<\/div><\/div><\/div>\n<p>&nbsp;<\/p>\n<hr \/>\n<p>&nbsp;<\/p>\n<div class=\"vlp-link-container vlp-layout-basic\"><a href=\"https:\/\/hesychia.eu\/index.php\/saint-maxime-le-confesseur\/\" class=\"vlp-link\" title=\"Saint Maxime le Confesseur [\u2020662 \u2013 F\u00eat\u00e9 le 21 janvier]\"><\/a><div class=\"vlp-layout-zone-side\"><div class=\"vlp-block-2 vlp-link-image\"><img loading=\"lazy\" decoding=\"async\" style=\"max-width: 150px;\" width=\"150\" height=\"139\" src=\"https:\/\/hesychia.eu\/wp-content\/uploads\/2021\/11\/sfantul_maxim_marturisitorul.650px.03.jpg\" class=\"attachment-150x999 size-150x999\" alt=\"\" srcset=\"https:\/\/hesychia.eu\/wp-content\/uploads\/2021\/11\/sfantul_maxim_marturisitorul.650px.03.jpg 650w, https:\/\/hesychia.eu\/wp-content\/uploads\/2021\/11\/sfantul_maxim_marturisitorul.650px.03-300x278.jpg 300w\" sizes=\"auto, (max-width: 150px) 100vw, 150px\" \/><\/div><\/div><div class=\"vlp-layout-zone-main\"><div class=\"vlp-block-0 vlp-link-title\">Saint Maxime le Confesseur [\u2020662 \u2013 F\u00eat\u00e9 le 21 janvier]<\/div><div class=\"vlp-block-1 vlp-link-summary\">&nbsp; &nbsp;<\/div><\/div><\/div>\n<p>&nbsp;<\/p>\n","protected":false},"excerpt":{"rendered":"<p>&nbsp; &nbsp; &nbsp; &nbsp;<\/p>\n","protected":false},"author":1,"featured_media":4777,"parent":0,"menu_order":0,"comment_status":"open","ping_status":"closed","template":"","meta":{"footnotes":""},"class_list":["post-4804","page","type-page","status-publish","has-post-thumbnail","hentry"],"_links":{"self":[{"href":"https:\/\/hesychia.eu\/index.php\/wp-json\/wp\/v2\/pages\/4804","targetHints":{"allow":["GET"]}}],"collection":[{"href":"https:\/\/hesychia.eu\/index.php\/wp-json\/wp\/v2\/pages"}],"about":[{"href":"https:\/\/hesychia.eu\/index.php\/wp-json\/wp\/v2\/types\/page"}],"author":[{"embeddable":true,"href":"https:\/\/hesychia.eu\/index.php\/wp-json\/wp\/v2\/users\/1"}],"replies":[{"embeddable":true,"href":"https:\/\/hesychia.eu\/index.php\/wp-json\/wp\/v2\/comments?post=4804"}],"version-history":[{"count":8,"href":"https:\/\/hesychia.eu\/index.php\/wp-json\/wp\/v2\/pages\/4804\/revisions"}],"predecessor-version":[{"id":4942,"href":"https:\/\/hesychia.eu\/index.php\/wp-json\/wp\/v2\/pages\/4804\/revisions\/4942"}],"wp:featuredmedia":[{"embeddable":true,"href":"https:\/\/hesychia.eu\/index.php\/wp-json\/wp\/v2\/media\/4777"}],"wp:attachment":[{"href":"https:\/\/hesychia.eu\/index.php\/wp-json\/wp\/v2\/media?parent=4804"}],"curies":[{"name":"wp","href":"https:\/\/api.w.org\/{rel}","templated":true}]}}