{"id":3780,"date":"2021-04-09T18:35:27","date_gmt":"2021-04-09T16:35:27","guid":{"rendered":"http:\/\/hesychia.eu\/?page_id=3780"},"modified":"2021-04-10T10:33:46","modified_gmt":"2021-04-10T08:33:46","slug":"le-saint-prince-martyr-constantin-brancoveanu","status":"publish","type":"page","link":"https:\/\/hesychia.eu\/index.php\/le-saint-prince-martyr-constantin-brancoveanu\/","title":{"rendered":"Le saint prince-martyr Constantin Br\u00e2ncoveanu, ses fils : Constantin, \u00c9tienne, Radu et Matthieu, et son conseiller Ianache V\u0103c\u0103rescu"},"content":{"rendered":"<div class='__iawmlf-post-loop-links' style='display:none;' data-iawmlf-post-links='[{&quot;id&quot;:623,&quot;href&quot;:&quot;https:\\\/\\\/www.youtube.com\\\/watch?v=Bb9lgytKEMI&quot;,&quot;archived_href&quot;:&quot;&quot;,&quot;redirect_href&quot;:&quot;&quot;,&quot;checks&quot;:[],&quot;broken&quot;:false,&quot;last_checked&quot;:null,&quot;process&quot;:&quot;done&quot;}]'><\/div>\n<p>&nbsp;<\/p>\n<div class=\"vlp-link-container vlp-layout-basic\"><a href=\"https:\/\/hesychia.eu\/index.php\/2021\/04\/09\/memoire-du-saint-prince-martyr-constantin-brancoveanu-de-ses-fils-constantin-etienne-radu-et-matthieu-et-de-son-conseiller-ianache-vacarescu-16-aout\/\" class=\"vlp-link\" title=\"M\u00e9moire du saint prince-martyr CONSTANTIN BRANCOVEANU, de ses fils : CONSTANTIN, \u00c9TIENNE, RADU et MATTHIEU, et de son conseiller IANACHE V\u0102C\u0102RESCU [16 ao\u00fbt]\"><\/a><div class=\"vlp-layout-zone-side\"><div class=\"vlp-block-2 vlp-link-image\"><img loading=\"lazy\" decoding=\"async\" style=\"max-width: 150px;\" width=\"150\" height=\"217\" src=\"https:\/\/hesychia.eu\/wp-content\/uploads\/2021\/04\/Murariu.650px.07.jpg\" class=\"attachment-150x999 size-150x999\" alt=\"\" srcset=\"https:\/\/hesychia.eu\/wp-content\/uploads\/2021\/04\/Murariu.650px.07.jpg 650w, https:\/\/hesychia.eu\/wp-content\/uploads\/2021\/04\/Murariu.650px.07-207x300.jpg 207w\" sizes=\"auto, (max-width: 150px) 100vw, 150px\" \/><\/div><\/div><div class=\"vlp-layout-zone-main\"><div class=\"vlp-block-0 vlp-link-title\">M\u00e9moire du saint prince-martyr CONSTANTIN BRANCOVEANU, de ses fils : CONSTANTIN, \u00c9TIENNE, RADU et MATTHIEU, et de son conseiller IANACHE V\u0102C\u0102RESCU [16 ao\u00fbt]<\/div><\/div><\/div>\n<div class=\"vlp-link-container vlp-layout-basic\"><a href=\"https:\/\/hesychia.eu\/index.php\/2021\/04\/10\/cour-sultan\/\" class=\"vlp-link\" title=\"\u00ab La banalit\u00e9 du mal \u00bb ou le r\u00e9cit d\u2019une journ\u00e9e \u00e0 la cour du grand sultan \u00e0 Constantinople - le 15 ao\u00fbt 1714\"><\/a><div class=\"vlp-layout-zone-side\"><div class=\"vlp-block-2 vlp-link-image\"><img loading=\"lazy\" decoding=\"async\" style=\"max-width: 150px;\" width=\"150\" height=\"207\" src=\"https:\/\/hesychia.eu\/wp-content\/uploads\/2021\/04\/650px.01.jpg\" class=\"attachment-150x999 size-150x999\" alt=\"\" srcset=\"https:\/\/hesychia.eu\/wp-content\/uploads\/2021\/04\/650px.01.jpg 650w, https:\/\/hesychia.eu\/wp-content\/uploads\/2021\/04\/650px.01-217x300.jpg 217w\" sizes=\"auto, (max-width: 150px) 100vw, 150px\" \/><\/div><\/div><div class=\"vlp-layout-zone-main\"><div class=\"vlp-block-0 vlp-link-title\">\u00ab La banalit\u00e9 du mal \u00bb ou le r\u00e9cit d\u2019une journ\u00e9e \u00e0 la cour du grand sultan \u00e0 Constantinople - le 15 ao\u00fbt 1714<\/div><div class=\"vlp-block-1 vlp-link-summary\">Le 10 ce Ministre fut admis \u00e0 l\u2019audience du Grand Seigneur, et il re\u00e7ut les jours suivants les visites&hellip;<\/div><\/div><\/div>\n<p>&nbsp;<\/p>\n<hr \/>\n<p>&nbsp;<br \/>\n<a href=\"https:\/\/www.youtube.com\/watch?v=Bb9lgytKEMI\" target=\"_blank\" rel=\"noopener noreferrer\"><img loading=\"lazy\" decoding=\"async\" class=\"aligncenter wp-image-3790\" src=\"https:\/\/hesychia.eu\/wp-content\/uploads\/2021\/04\/Archd-Mihail-Buca-TRoNoS-Balad\u0103-a-lui-Constantin-Vod\u0103-Br\u00e2ncoveanu-mp3-image-1024x576.jpg\" alt=\"\" width=\"300\" height=\"169\" srcset=\"https:\/\/hesychia.eu\/wp-content\/uploads\/2021\/04\/Archd-Mihail-Buca-TRoNoS-Balad\u0103-a-lui-Constantin-Vod\u0103-Br\u00e2ncoveanu-mp3-image-1024x576.jpg 1024w, https:\/\/hesychia.eu\/wp-content\/uploads\/2021\/04\/Archd-Mihail-Buca-TRoNoS-Balad\u0103-a-lui-Constantin-Vod\u0103-Br\u00e2ncoveanu-mp3-image-300x169.jpg 300w, https:\/\/hesychia.eu\/wp-content\/uploads\/2021\/04\/Archd-Mihail-Buca-TRoNoS-Balad\u0103-a-lui-Constantin-Vod\u0103-Br\u00e2ncoveanu-mp3-image-768x432.jpg 768w, https:\/\/hesychia.eu\/wp-content\/uploads\/2021\/04\/Archd-Mihail-Buca-TRoNoS-Balad\u0103-a-lui-Constantin-Vod\u0103-Br\u00e2ncoveanu-mp3-image-940x529.jpg 940w, https:\/\/hesychia.eu\/wp-content\/uploads\/2021\/04\/Archd-Mihail-Buca-TRoNoS-Balad\u0103-a-lui-Constantin-Vod\u0103-Br\u00e2ncoveanu-mp3-image.jpg 1280w\" sizes=\"auto, (max-width: 300px) 100vw, 300px\" \/><\/a><\/p>\n<audio class=\"wp-audio-shortcode\" id=\"audio-3780-1\" preload=\"none\" style=\"width: 100%;\" controls=\"controls\"><source type=\"audio\/mpeg\" src=\"https:\/\/hesychia.eu\/wp-content\/uploads\/2021\/04\/Archd.-Mihail-Buca-TRoNoS-Balad\u0103-a-lui-Constantin-Vod\u0103-Br\u00e2ncoveanu.mp3?_=1\" \/><a href=\"https:\/\/hesychia.eu\/wp-content\/uploads\/2021\/04\/Archd.-Mihail-Buca-TRoNoS-Balad\u0103-a-lui-Constantin-Vod\u0103-Br\u00e2ncoveanu.mp3\">https:\/\/hesychia.eu\/wp-content\/uploads\/2021\/04\/Archd.-Mihail-Buca-TRoNoS-Balad\u0103-a-lui-Constantin-Vod\u0103-Br\u00e2ncoveanu.mp3<\/a><\/audio>\n<p>&nbsp;<\/p>\n<hr \/>\n<p>&nbsp;<\/p>\n","protected":false},"excerpt":{"rendered":"<p>&nbsp; &nbsp; &nbsp; &nbsp; &nbsp;<\/p>\n","protected":false},"author":1,"featured_media":3767,"parent":0,"menu_order":0,"comment_status":"open","ping_status":"closed","template":"","meta":{"footnotes":""},"class_list":["post-3780","page","type-page","status-publish","has-post-thumbnail","hentry"],"_links":{"self":[{"href":"https:\/\/hesychia.eu\/index.php\/wp-json\/wp\/v2\/pages\/3780","targetHints":{"allow":["GET"]}}],"collection":[{"href":"https:\/\/hesychia.eu\/index.php\/wp-json\/wp\/v2\/pages"}],"about":[{"href":"https:\/\/hesychia.eu\/index.php\/wp-json\/wp\/v2\/types\/page"}],"author":[{"embeddable":true,"href":"https:\/\/hesychia.eu\/index.php\/wp-json\/wp\/v2\/users\/1"}],"replies":[{"embeddable":true,"href":"https:\/\/hesychia.eu\/index.php\/wp-json\/wp\/v2\/comments?post=3780"}],"version-history":[{"count":10,"href":"https:\/\/hesychia.eu\/index.php\/wp-json\/wp\/v2\/pages\/3780\/revisions"}],"predecessor-version":[{"id":3787,"href":"https:\/\/hesychia.eu\/index.php\/wp-json\/wp\/v2\/pages\/3780\/revisions\/3787"}],"wp:featuredmedia":[{"embeddable":true,"href":"https:\/\/hesychia.eu\/index.php\/wp-json\/wp\/v2\/media\/3767"}],"wp:attachment":[{"href":"https:\/\/hesychia.eu\/index.php\/wp-json\/wp\/v2\/media?parent=3780"}],"curies":[{"name":"wp","href":"https:\/\/api.w.org\/{rel}","templated":true}]}}