{"id":3353,"date":"2020-12-27T20:53:00","date_gmt":"2020-12-27T19:53:00","guid":{"rendered":"http:\/\/hesychia.eu\/?page_id=3353"},"modified":"2020-12-27T20:53:00","modified_gmt":"2020-12-27T19:53:00","slug":"vie-saint-symeon-le-nouveau","status":"publish","type":"page","link":"https:\/\/hesychia.eu\/index.php\/vie-saint-symeon-le-nouveau\/","title":{"rendered":"La vie de saint Sym\u00e9on le Nouveau Th\u00e9ologien par Nic\u00e9tas St\u00e9thatos"},"content":{"rendered":"<p>&nbsp;<br \/>\n<img loading=\"lazy\" decoding=\"async\" class=\"aligncenter size-full wp-image-3358\" src=\"https:\/\/hesychia.eu\/wp-content\/uploads\/2020\/12\/Couverture.940px.jpg\" alt=\"\" width=\"940\" height=\"267\" srcset=\"https:\/\/hesychia.eu\/wp-content\/uploads\/2020\/12\/Couverture.940px.jpg 940w, https:\/\/hesychia.eu\/wp-content\/uploads\/2020\/12\/Couverture.940px-300x85.jpg 300w, https:\/\/hesychia.eu\/wp-content\/uploads\/2020\/12\/Couverture.940px-768x218.jpg 768w\" sizes=\"auto, (max-width: 940px) 100vw, 940px\" \/><br \/>\n&nbsp;<\/p>\n<hr \/>\n<p>&nbsp;<\/p>\n<div class=\"vlp-link-container vlp-layout-basic\"><a href=\"https:\/\/hesychia.eu\/index.php\/2020\/12\/27\/la-vie-de-symeon-le-nouveau-theologien-i\/\" class=\"vlp-link\" title=\"La vie de Sym\u00e9on le Nouveau Th\u00e9ologien - I\"><\/a><div class=\"vlp-layout-zone-side\"><div class=\"vlp-block-2 vlp-link-image\"><img loading=\"lazy\" decoding=\"async\" style=\"max-width: 150px;\" width=\"150\" height=\"169\" src=\"https:\/\/hesychia.eu\/wp-content\/uploads\/2020\/12\/symeon.650px.03.jpg\" class=\"attachment-150x999 size-150x999\" alt=\"\" srcset=\"https:\/\/hesychia.eu\/wp-content\/uploads\/2020\/12\/symeon.650px.03.jpg 650w, https:\/\/hesychia.eu\/wp-content\/uploads\/2020\/12\/symeon.650px.03-266x300.jpg 266w\" sizes=\"auto, (max-width: 150px) 100vw, 150px\" \/><\/div><\/div><div class=\"vlp-layout-zone-main\"><div class=\"vlp-block-0 vlp-link-title\">La vie de Sym\u00e9on le Nouveau Th\u00e9ologien - I<\/div><div class=\"vlp-block-1 vlp-link-summary\">C\u2019est chose br\u00fblante que la vertu, capable d\u2019animer de son souffle les&hellip;<\/div><\/div><\/div>\n<div class=\"vlp-link-container vlp-layout-basic\"><a href=\"https:\/\/hesychia.eu\/index.php\/2020\/12\/11\/vie-saint-symeon-le-nouveau-theologien\/\" class=\"vlp-link\" title=\"La vie de Sym\u00e9on le Nouveau Th\u00e9ologien - XII\"><\/a><div class=\"vlp-layout-zone-side\"><div class=\"vlp-block-2 vlp-link-image\"><img loading=\"lazy\" decoding=\"async\" style=\"max-width: 150px;\" width=\"150\" height=\"216\" src=\"https:\/\/hesychia.eu\/wp-content\/uploads\/2020\/12\/symeon.650px.02.jpg\" class=\"attachment-150x999 size-150x999\" alt=\"\" srcset=\"https:\/\/hesychia.eu\/wp-content\/uploads\/2020\/12\/symeon.650px.02.jpg 650w, https:\/\/hesychia.eu\/wp-content\/uploads\/2020\/12\/symeon.650px.02-208x300.jpg 208w\" sizes=\"auto, (max-width: 150px) 100vw, 150px\" \/><\/div><\/div><div class=\"vlp-layout-zone-main\"><div class=\"vlp-block-0 vlp-link-title\">La vie de Sym\u00e9on le Nouveau Th\u00e9ologien - XII<\/div><div class=\"vlp-block-1 vlp-link-summary\">R\u00e9habilitation\u2009; construction du monast\u00e8re de Sainte-Marine<\/div><\/div><\/div>\n<p>&nbsp;<\/p>\n","protected":false},"excerpt":{"rendered":"<p>&nbsp; &nbsp; &nbsp; &nbsp;<\/p>\n","protected":false},"author":1,"featured_media":3266,"parent":0,"menu_order":0,"comment_status":"open","ping_status":"closed","template":"","meta":{"footnotes":""},"class_list":["post-3353","page","type-page","status-publish","has-post-thumbnail","hentry"],"_links":{"self":[{"href":"https:\/\/hesychia.eu\/index.php\/wp-json\/wp\/v2\/pages\/3353","targetHints":{"allow":["GET"]}}],"collection":[{"href":"https:\/\/hesychia.eu\/index.php\/wp-json\/wp\/v2\/pages"}],"about":[{"href":"https:\/\/hesychia.eu\/index.php\/wp-json\/wp\/v2\/types\/page"}],"author":[{"embeddable":true,"href":"https:\/\/hesychia.eu\/index.php\/wp-json\/wp\/v2\/users\/1"}],"replies":[{"embeddable":true,"href":"https:\/\/hesychia.eu\/index.php\/wp-json\/wp\/v2\/comments?post=3353"}],"version-history":[{"count":6,"href":"https:\/\/hesychia.eu\/index.php\/wp-json\/wp\/v2\/pages\/3353\/revisions"}],"predecessor-version":[{"id":3364,"href":"https:\/\/hesychia.eu\/index.php\/wp-json\/wp\/v2\/pages\/3353\/revisions\/3364"}],"wp:featuredmedia":[{"embeddable":true,"href":"https:\/\/hesychia.eu\/index.php\/wp-json\/wp\/v2\/media\/3266"}],"wp:attachment":[{"href":"https:\/\/hesychia.eu\/index.php\/wp-json\/wp\/v2\/media?parent=3353"}],"curies":[{"name":"wp","href":"https:\/\/api.w.org\/{rel}","templated":true}]}}