{"id":3057,"date":"2020-11-25T17:15:22","date_gmt":"2020-11-25T16:15:22","guid":{"rendered":"http:\/\/hesychia.eu\/?page_id=3057"},"modified":"2020-11-25T17:39:21","modified_gmt":"2020-11-25T16:39:21","slug":"perpetue-et-felicite","status":"publish","type":"page","link":"https:\/\/hesychia.eu\/index.php\/perpetue-et-felicite\/","title":{"rendered":"Les saints SATURUS, SATURNIN, SECONDULUS, R\u00c9VOCAT, PERP\u00c9TUE et F\u00c9LICIT\u00c9 [1er f\u00e9vrier]"},"content":{"rendered":"<p>&nbsp;<br \/>\n&nbsp;<br \/>\n<div class=\"vlp-link-container vlp-layout-basic\"><a href=\"https:\/\/hesychia.eu\/index.php\/2020\/11\/25\/sainte-perpetue-2\/\" class=\"vlp-link\" title=\"M\u00e9moire des saints SATURUS, SATURNIN, SECONDULUS, R\u00c9VOCAT, PERP\u00c9TUE et F\u00c9LICIT\u00c9 [1er f\u00e9vrier]\"><\/a><div class=\"vlp-layout-zone-side\"><div class=\"vlp-block-2 vlp-link-image\"><img loading=\"lazy\" decoding=\"async\" style=\"max-width: 150px;\" width=\"150\" height=\"98\" src=\"https:\/\/hesychia.eu\/wp-content\/uploads\/2020\/11\/doxologia.650px.01.jpg\" class=\"attachment-150x999 size-150x999\" alt=\"\" srcset=\"https:\/\/hesychia.eu\/wp-content\/uploads\/2020\/11\/doxologia.650px.01.jpg 650w, https:\/\/hesychia.eu\/wp-content\/uploads\/2020\/11\/doxologia.650px.01-300x196.jpg 300w\" sizes=\"auto, (max-width: 150px) 100vw, 150px\" \/><\/div><\/div><div class=\"vlp-layout-zone-main\"><div class=\"vlp-block-0 vlp-link-title\">M\u00e9moire des saints SATURUS, SATURNIN, SECONDULUS, R\u00c9VOCAT, PERP\u00c9TUE et F\u00c9LICIT\u00c9 [1er f\u00e9vrier]<\/div><div class=\"vlp-block-1 vlp-link-summary\">Au temps o\u00f9 la pers\u00e9cution de Septime S\u00e9v\u00e8re s\u2019abattit sur l\u2019Afrique du Nord romaine (vers 203), contr\u00e9e dans laquelle&hellip;<\/div><\/div><\/div>\n<div class=\"vlp-link-container vlp-layout-basic\"><a href=\"https:\/\/hesychia.eu\/index.php\/2020\/11\/25\/sainte-perpetue\/\" class=\"vlp-link\" title=\"Martyre de sainte Perp\u00e9tue et de ses compagnons [1er f\u00e9vrier]\"><\/a><div class=\"vlp-layout-zone-side\"><div class=\"vlp-block-2 vlp-link-image\"><img loading=\"lazy\" decoding=\"async\" style=\"max-width: 150px;\" width=\"150\" height=\"147\" src=\"https:\/\/hesychia.eu\/wp-content\/uploads\/2020\/11\/doxologia.650px.02.jpg\" class=\"attachment-150x999 size-150x999\" alt=\"\" srcset=\"https:\/\/hesychia.eu\/wp-content\/uploads\/2020\/11\/doxologia.650px.02.jpg 650w, https:\/\/hesychia.eu\/wp-content\/uploads\/2020\/11\/doxologia.650px.02-300x294.jpg 300w\" sizes=\"auto, (max-width: 150px) 100vw, 150px\" \/><\/div><\/div><div class=\"vlp-layout-zone-main\"><div class=\"vlp-block-0 vlp-link-title\">Martyre de sainte Perp\u00e9tue et de ses compagnons [1er f\u00e9vrier]<\/div><div class=\"vlp-block-1 vlp-link-summary\">Martyre de sainte Perp\u00e9tue et de ses compagnons mis \u00e0 mort en Afrique : quatre jours avant les nones&hellip;<\/div><\/div><\/div>\n<p>&nbsp;<\/p>\n<p>&nbsp;<\/p>\n","protected":false},"excerpt":{"rendered":"<p>&nbsp; &nbsp; &nbsp; &nbsp;<\/p>\n","protected":false},"author":1,"featured_media":3054,"parent":0,"menu_order":0,"comment_status":"open","ping_status":"closed","template":"","meta":{"footnotes":""},"class_list":["post-3057","page","type-page","status-publish","has-post-thumbnail","hentry"],"_links":{"self":[{"href":"https:\/\/hesychia.eu\/index.php\/wp-json\/wp\/v2\/pages\/3057","targetHints":{"allow":["GET"]}}],"collection":[{"href":"https:\/\/hesychia.eu\/index.php\/wp-json\/wp\/v2\/pages"}],"about":[{"href":"https:\/\/hesychia.eu\/index.php\/wp-json\/wp\/v2\/types\/page"}],"author":[{"embeddable":true,"href":"https:\/\/hesychia.eu\/index.php\/wp-json\/wp\/v2\/users\/1"}],"replies":[{"embeddable":true,"href":"https:\/\/hesychia.eu\/index.php\/wp-json\/wp\/v2\/comments?post=3057"}],"version-history":[{"count":5,"href":"https:\/\/hesychia.eu\/index.php\/wp-json\/wp\/v2\/pages\/3057\/revisions"}],"predecessor-version":[{"id":3069,"href":"https:\/\/hesychia.eu\/index.php\/wp-json\/wp\/v2\/pages\/3057\/revisions\/3069"}],"wp:featuredmedia":[{"embeddable":true,"href":"https:\/\/hesychia.eu\/index.php\/wp-json\/wp\/v2\/media\/3054"}],"wp:attachment":[{"href":"https:\/\/hesychia.eu\/index.php\/wp-json\/wp\/v2\/media?parent=3057"}],"curies":[{"name":"wp","href":"https:\/\/api.w.org\/{rel}","templated":true}]}}