{"id":1601,"date":"2020-09-14T13:07:58","date_gmt":"2020-09-14T11:07:58","guid":{"rendered":"http:\/\/hesychia.eu\/?page_id=1601"},"modified":"2020-10-15T17:19:58","modified_gmt":"2020-10-15T15:19:58","slug":"saint-jean-jacob-de-chozeba","status":"publish","type":"page","link":"https:\/\/hesychia.eu\/index.php\/saint-jean-jacob-de-chozeba\/","title":{"rendered":"Saint Jean Jacob de Choz\u00e9ba [\u2020 1960]"},"content":{"rendered":"<hr \/>\n<p>&nbsp;<\/p>\n<div class=\"vlp-link-container vlp-layout-basic\"><a href=\"https:\/\/hesychia.eu\/index.php\/avis-au-lecteur\/\" class=\"vlp-link\" title=\"Avis au lecteur\"><\/a><div class=\"vlp-layout-zone-side\"><div class=\"vlp-block-2 vlp-link-image\"><img loading=\"lazy\" decoding=\"async\" style=\"max-width: 150px;\" width=\"150\" height=\"187\" src=\"https:\/\/hesychia.eu\/wp-content\/uploads\/2020\/09\/saint-jean-precurseur.650px.p192.jpg\" class=\"attachment-150x999 size-150x999\" alt=\"\" srcset=\"https:\/\/hesychia.eu\/wp-content\/uploads\/2020\/09\/saint-jean-precurseur.650px.p192.jpg 650w, https:\/\/hesychia.eu\/wp-content\/uploads\/2020\/09\/saint-jean-precurseur.650px.p192-240x300.jpg 240w\" sizes=\"auto, (max-width: 150px) 100vw, 150px\" \/><\/div><\/div><div class=\"vlp-layout-zone-main\"><div class=\"vlp-block-0 vlp-link-title\">Avis au lecteur<\/div><div class=\"vlp-block-1 vlp-link-summary\">&nbsp; &nbsp; Aujourd\u2019hui, il n\u2019y a plus de demande pour le fruit de mon ob\u00e9issance, car le monde d&#8217;aujourd&#8217;hui&hellip;<\/div><\/div><\/div>\n<p>&nbsp;<\/p>\n<hr \/>\n<p>&nbsp;<\/p>\n<p><img loading=\"lazy\" decoding=\"async\" class=\"aligncenter wp-image-1588 size-full\" src=\"https:\/\/hesychia.eu\/wp-content\/uploads\/2020\/09\/cu-monahul-pavel-in-dreapta.940px.jpg\" alt=\"\" width=\"940\" height=\"252\" srcset=\"https:\/\/hesychia.eu\/wp-content\/uploads\/2020\/09\/cu-monahul-pavel-in-dreapta.940px.jpg 940w, https:\/\/hesychia.eu\/wp-content\/uploads\/2020\/09\/cu-monahul-pavel-in-dreapta.940px-300x80.jpg 300w, https:\/\/hesychia.eu\/wp-content\/uploads\/2020\/09\/cu-monahul-pavel-in-dreapta.940px-768x206.jpg 768w\" sizes=\"auto, (max-width: 940px) 100vw, 940px\" \/><\/p>\n<p>&nbsp;<\/p>\n<div class=\"vlp-link-container vlp-layout-basic\"><a href=\"https:\/\/hesychia.eu\/index.php\/2020\/10\/15\/saint-jean-de-chozeba\/\" class=\"vlp-link\" title=\"Saint Jean de Choz\u00e9ba [5 ao\u00fbt]\"><\/a><div class=\"vlp-layout-zone-side\"><div class=\"vlp-block-2 vlp-link-image\"><img loading=\"lazy\" decoding=\"async\" style=\"max-width: 150px;\" width=\"150\" height=\"100\" src=\"https:\/\/hesychia.eu\/wp-content\/uploads\/2020\/09\/cu-monahul-pavel-in-dreapta.650px.jpg\" class=\"attachment-150x999 size-150x999\" alt=\"\" srcset=\"https:\/\/hesychia.eu\/wp-content\/uploads\/2020\/09\/cu-monahul-pavel-in-dreapta.650px.jpg 650w, https:\/\/hesychia.eu\/wp-content\/uploads\/2020\/09\/cu-monahul-pavel-in-dreapta.650px-300x201.jpg 300w, https:\/\/hesychia.eu\/wp-content\/uploads\/2020\/09\/cu-monahul-pavel-in-dreapta.650px-440x294.jpg 440w\" sizes=\"auto, (max-width: 150px) 100vw, 150px\" \/><\/div><\/div><div class=\"vlp-layout-zone-main\"><div class=\"vlp-block-0 vlp-link-title\">Saint Jean de Choz\u00e9ba [5 ao\u00fbt]<\/div><div class=\"vlp-block-1 vlp-link-summary\">M\u00e9moire du v\u00e9n\u00e9rable JEAN de CHOZ\u00c9BA Orphelin, saint Jean, nomm\u00e9 \u00c9lie au saint bapt\u00eame, fut \u00e9lev\u00e9 par sa grand-m\u00e8re&hellip;<\/div><\/div><\/div>\n","protected":false},"excerpt":{"rendered":"<p>&nbsp; &nbsp; &nbsp; &nbsp;<\/p>\n","protected":false},"author":1,"featured_media":1603,"parent":0,"menu_order":0,"comment_status":"open","ping_status":"closed","template":"","meta":{"footnotes":""},"class_list":["post-1601","page","type-page","status-publish","has-post-thumbnail","hentry"],"_links":{"self":[{"href":"https:\/\/hesychia.eu\/index.php\/wp-json\/wp\/v2\/pages\/1601","targetHints":{"allow":["GET"]}}],"collection":[{"href":"https:\/\/hesychia.eu\/index.php\/wp-json\/wp\/v2\/pages"}],"about":[{"href":"https:\/\/hesychia.eu\/index.php\/wp-json\/wp\/v2\/types\/page"}],"author":[{"embeddable":true,"href":"https:\/\/hesychia.eu\/index.php\/wp-json\/wp\/v2\/users\/1"}],"replies":[{"embeddable":true,"href":"https:\/\/hesychia.eu\/index.php\/wp-json\/wp\/v2\/comments?post=1601"}],"version-history":[{"count":7,"href":"https:\/\/hesychia.eu\/index.php\/wp-json\/wp\/v2\/pages\/1601\/revisions"}],"predecessor-version":[{"id":2148,"href":"https:\/\/hesychia.eu\/index.php\/wp-json\/wp\/v2\/pages\/1601\/revisions\/2148"}],"wp:featuredmedia":[{"embeddable":true,"href":"https:\/\/hesychia.eu\/index.php\/wp-json\/wp\/v2\/media\/1603"}],"wp:attachment":[{"href":"https:\/\/hesychia.eu\/index.php\/wp-json\/wp\/v2\/media?parent=1601"}],"curies":[{"name":"wp","href":"https:\/\/api.w.org\/{rel}","templated":true}]}}